{"id":3316,"date":"2022-10-13T21:17:01","date_gmt":"2022-10-13T21:17:01","guid":{"rendered":"https:\/\/nanobond.ir\/product\/code-127-mat-pvdf-sut-beyazi\/"},"modified":"2022-10-13T21:17:01","modified_gmt":"2022-10-13T21:17:01","slug":"code-127-mat-pvdf-sutlu-beyaz","status":"publish","type":"product","link":"https:\/\/nanobond.ir\/tr\/urun\/code-127-mat-pvdf-sutlu-beyaz\/","title":{"rendered":"Code 127 Mat PVDF s\u00fct beyaz\u0131"},"content":{"rendered":"<h2>PVDF kompozit levhalar nedir ve nas\u0131l yap\u0131l\u0131r?<\/h2>\n<p>Al\u00fcminyum kompozit levha, k\u00fcresel cephe end\u00fcstrisinde teknolojinin en yeni ve en yeni \u00f6rneklerinden biri olarak kabul edilmektedir.<\/p>\n<p>PVDF kompozit levhalar, genellikle orta \u00e7ekirdekte bulunan bir polimerin etraf\u0131ndaki iki y\u00fczeyden veya al\u00fcminyum katmanlardan olu\u015fan levhalar\u0131 ifade eder. \u0130ki al\u00fcminyumun orta \u00e7ekirde\u011finin merkezine yerle\u015ftirilen polimerlere termoplastik denir.<\/p>\n<p>PVDF kaplama, bu \u00fcr\u00fcn\u00fc al\u00fcminyum kompozit levha \u00fcr\u00fcn kategorisindeki di\u011fer \u00fcr\u00fcnlerden ay\u0131ran unsurdur. Al\u00fcminyum kompozit levhay\u0131 tamamlamas\u0131 ve bu malzemeye ek \u00f6zellikler kazand\u0131rmas\u0131 nedeniyle de bu tip \u00fcr\u00fcnlerin \u00fcretim s\u00fcrecindeki en \u00f6nemli ad\u0131md\u0131r.<\/p>\n<h2>PVDF kompozit levhalar\u0131n uygulamalar\u0131<\/h2>\n<ul>\n<li><span dir=\"RTL\" lang=\"AR-SA\">Binan\u0131n d\u0131\u015f cephe kaplamas\u0131<\/span><\/li>\n<li><span dir=\"RTL\" lang=\"AR-SA\">Eski cephelerin kaplanmas\u0131 ve restore edilmesi<\/span><\/li>\n<li><span dir=\"RTL\" lang=\"AR-SA\">Dekorasyon ve i\u00e7 dekorasyon tasar\u0131m\u0131<\/span><\/li>\n<li><span dir=\"RTL\" lang=\"AR-SA\">Benzin istasyonlar\u0131n\u0131n \u00e7at\u0131s\u0131n\u0131n kaplanmas\u0131<\/span><\/li>\n<li><span dir=\"RTL\" lang=\"AR-SA\">Ma\u011faza tabelas\u0131n\u0131n alt\u0131ndaki seviye<\/span><\/li>\n<li><span dir=\"RTL\" lang=\"AR-SA\">Fuar standlar\u0131n\u0131n h\u0131zl\u0131 tasar\u0131m\u0131 ve uygulamas\u0131<\/span><\/li>\n<li><span dir=\"RTL\" lang=\"AR-SA\">Kompozitin mukavemeti ve direncinden dolay\u0131 koruma ama\u00e7l\u0131 \u00e7at\u0131lar\u0131n kaplanmas\u0131<\/span><\/li>\n<\/ul>\n","protected":false},"excerpt":{"rendered":"<p>PVDF kompozit levhalar nedir ve nas\u0131l yap\u0131l\u0131r? Al\u00fcminyum kompozit levha, k\u00fcresel cephe end\u00fcstrisinde teknolojinin en yeni ve en yeni \u00f6rneklerinden biri olarak kabul edilmektedir. PVDF kompozit levhalar, genellikle orta \u00e7ekirdekte bulunan bir polimerin etraf\u0131ndaki iki y\u00fczeyden veya al\u00fcminyum katmanlardan olu\u015fan levhalar\u0131 ifade eder. \u0130ki al\u00fcminyumun orta \u00e7ekirde\u011finin merkezine yerle\u015ftirilen polimerlere termoplastik denir. PVDF kaplama, bu [&hellip;]<\/p>\n","protected":false},"featured_media":2398,"comment_status":"open","ping_status":"closed","template":"","meta":[],"product_cat":[70],"product_tag":[],"class_list":{"0":"post-3316","1":"product","2":"type-product","3":"status-publish","4":"has-post-thumbnail","6":"product_cat-mat-pvdf-kodlari","8":"first","9":"instock","10":"shipping-taxable","11":"product-type-external"},"_links":{"self":[{"href":"https:\/\/nanobond.ir\/tr\/wp-json\/wp\/v2\/product\/3316","targetHints":{"allow":["GET"]}}],"collection":[{"href":"https:\/\/nanobond.ir\/tr\/wp-json\/wp\/v2\/product"}],"about":[{"href":"https:\/\/nanobond.ir\/tr\/wp-json\/wp\/v2\/types\/product"}],"replies":[{"embeddable":true,"href":"https:\/\/nanobond.ir\/tr\/wp-json\/wp\/v2\/comments?post=3316"}],"wp:featuredmedia":[{"embeddable":true,"href":"https:\/\/nanobond.ir\/tr\/wp-json\/wp\/v2\/media\/2398"}],"wp:attachment":[{"href":"https:\/\/nanobond.ir\/tr\/wp-json\/wp\/v2\/media?parent=3316"}],"wp:term":[{"taxonomy":"product_cat","embeddable":true,"href":"https:\/\/nanobond.ir\/tr\/wp-json\/wp\/v2\/product_cat?post=3316"},{"taxonomy":"product_tag","embeddable":true,"href":"https:\/\/nanobond.ir\/tr\/wp-json\/wp\/v2\/product_tag?post=3316"}],"curies":[{"name":"wp","href":"https:\/\/api.w.org\/{rel}","templated":true}]}}