{"id":3275,"date":"2022-10-14T19:03:38","date_gmt":"2022-10-14T19:03:38","guid":{"rendered":"https:\/\/nanobond.ir\/product\/code-657-siyah-nano-gozluk\/"},"modified":"2022-10-14T19:03:38","modified_gmt":"2022-10-14T19:03:38","slug":"code-657-cam-nano-siyah","status":"publish","type":"product","link":"https:\/\/nanobond.ir\/tr\/urun\/code-657-cam-nano-siyah\/","title":{"rendered":"Code 657 siyah NANO g\u00f6zl\u00fck"},"content":{"rendered":"<h2><span style=\"font-size: 18pt;\">NANO y\u00fcksek<\/span> caml\u0131 kompozit levhalar nedir ve nas\u0131l yap\u0131l\u0131r?<\/h2>\n<p>Bu yeni nesil al\u00fcminyum kompozit levhalar, P.V.D.F kaplamay\u0131 mikro veya nano yap\u0131yla birle\u015ftirme yetene\u011fine sahiptir, bu da s\u00fcper toz itici ve nem \u00f6nleyici ve g\u00f6z kama\u015ft\u0131r\u0131c\u0131 parlakl\u0131\u011f\u0131n benzersiz \u00f6zelli\u011fine sahip bir levha ile sonu\u00e7lan\u0131r.<\/p>\n<p>Baz\u0131 projelerde, ya\u011fmur damlalar\u0131 nedeniyle uzun s\u00fcre temizlenmesi \u00e7ok zor siyah lekeler olu\u015fturan silikon mastik kullan\u0131l\u0131r.<\/p>\n<p>Bundan sonra cephenin g\u00f6r\u00fcn\u00fcm\u00fcn\u00fc g\u00fc\u00e7l\u00fc bir \u015fekilde etkiler.\u015eu anda nano nanobond kompozit levhalar bu sorunu \u00e7\u00f6zm\u00fc\u015ft\u00fcr.<\/p>\n<p>Bu \u00fcst\u00fcn teknoloji, havadaki toz zerreciklerinin levha y\u00fczeyinde kalmamas\u0131 ve ya\u011fmur damlalar\u0131 yard\u0131m\u0131yla levha y\u00fczeyinin temizlenmesini ve kompozit levhan\u0131n parlak y\u00fczeyinin tekrar g\u00f6r\u00fcn\u00fcr hale gelmesine olanak sa\u011flamaktad\u0131r. sonu\u00e7 olarak cephe temizleme maliyeti y\u00fcksektir.Tasarruf yap\u0131l\u0131r.<\/p>\n<h2><strong>Nanobond kompozit al\u00fcminyum levhan\u0131n avantajlar\u0131<\/strong><\/h2>\n<p>Nano y\u00fcksek cam nanobond kompozit levhalar\u0131n \u00fcst\u00fcn nano teknolojisinin sa\u011flad\u0131\u011f\u0131 fayda ile d\u0131\u015f y\u00fczeyi, s\u0131radan P.V.D.F levhalardan daha g\u00f6z kama\u015ft\u0131r\u0131c\u0131 bir parlakl\u0131\u011fa ve parlakl\u0131\u011fa sahiptir.<\/p>\n<p>Nano nanobond kompozit al\u00fcminyum levha, iyi mukavemet, yang\u0131na dayan\u0131kl\u0131l\u0131k, \u00e7e\u015fitli renkler gibi m\u00fckemmel \u00f6zelliklere sahip olmas\u0131n\u0131n yan\u0131 s\u0131ra, bir tabakan\u0131n varl\u0131\u011f\u0131ndan dolay\u0131 uzun s\u00fcreli temizlik, asit ve alkali maddelere kar\u015f\u0131 diren\u00e7 gibi benzersiz \u00f6zelliklere de sahiptir. nano boya.<\/p>\n<p>Bu \u00fcst\u00fcn teknoloji, metalik y\u00fczey ile dikkat \u00e7ekici bir parlakl\u0131k kazand\u0131ran bu \u00fcr\u00fcnler, projelerin cephelerine \u00f6zel bir etki ve parlakl\u0131k verirken, kaygan y\u00fczeyi sayesinde (bir nil\u00fcfer yapra\u011f\u0131n\u0131n y\u00fczeyi gibi) kolay temizlik sa\u011flar. \u00d6nde gelen bir\u00e7ok tasar\u0131mc\u0131 ve mimar a\u011f\u0131rland\u0131.<\/p>\n<h2><strong><span style=\"font-size: 18pt;\">Nano nanobond kompozit al\u00fcminyum levha uygulamalar\u0131<\/span><\/strong><\/h2>\n<ul>\n<li><span dir=\"RTL\" lang=\"AR-SA\">Binan\u0131n d\u0131\u015f cephe kaplamas\u0131<\/span><\/li>\n<li><span dir=\"RTL\" lang=\"AR-SA\">Eski cephelerin kaplanmas\u0131 ve restore edilmesi<\/span><\/li>\n<li><span dir=\"RTL\" lang=\"AR-SA\">Dekorasyon ve i\u00e7 dekorasyon tasar\u0131m\u0131<\/span><\/li>\n<li><span dir=\"RTL\" lang=\"AR-SA\">Benzin istasyonlar\u0131n\u0131n \u00e7at\u0131s\u0131n\u0131n kaplanmas\u0131<\/span><\/li>\n<li><span dir=\"RTL\" lang=\"AR-SA\">Ma\u011faza tabelas\u0131n\u0131n alt\u0131ndaki seviye<\/span><\/li>\n<li><span dir=\"RTL\" lang=\"AR-SA\">Fuar standlar\u0131n\u0131n h\u0131zl\u0131 tasar\u0131m\u0131 ve uygulamas\u0131<\/span><\/li>\n<li><span dir=\"RTL\" lang=\"AR-SA\">Kompozitin mukavemeti ve direncinden dolay\u0131 koruma ama\u00e7l\u0131 \u00e7at\u0131lar\u0131n kaplanmas\u0131<\/span><\/li>\n<\/ul>\n","protected":false},"excerpt":{"rendered":"<p>NANO y\u00fcksek caml\u0131 kompozit levhalar nedir ve nas\u0131l yap\u0131l\u0131r? Bu yeni nesil al\u00fcminyum kompozit levhalar, P.V.D.F kaplamay\u0131 mikro veya nano yap\u0131yla birle\u015ftirme yetene\u011fine sahiptir, bu da s\u00fcper toz itici ve nem \u00f6nleyici ve g\u00f6z kama\u015ft\u0131r\u0131c\u0131 parlakl\u0131\u011f\u0131n benzersiz \u00f6zelli\u011fine sahip bir levha ile sonu\u00e7lan\u0131r. Baz\u0131 projelerde, ya\u011fmur damlalar\u0131 nedeniyle uzun s\u00fcre temizlenmesi \u00e7ok zor siyah lekeler [&hellip;]<\/p>\n","protected":false},"featured_media":2590,"comment_status":"open","ping_status":"closed","template":"","meta":[],"product_cat":[66],"product_tag":[],"class_list":{"0":"post-3275","1":"product","2":"type-product","3":"status-publish","4":"has-post-thumbnail","6":"product_cat-parlak-nano-cam-kodlari","8":"first","9":"instock","10":"shipping-taxable","11":"product-type-external"},"_links":{"self":[{"href":"https:\/\/nanobond.ir\/tr\/wp-json\/wp\/v2\/product\/3275","targetHints":{"allow":["GET"]}}],"collection":[{"href":"https:\/\/nanobond.ir\/tr\/wp-json\/wp\/v2\/product"}],"about":[{"href":"https:\/\/nanobond.ir\/tr\/wp-json\/wp\/v2\/types\/product"}],"replies":[{"embeddable":true,"href":"https:\/\/nanobond.ir\/tr\/wp-json\/wp\/v2\/comments?post=3275"}],"wp:featuredmedia":[{"embeddable":true,"href":"https:\/\/nanobond.ir\/tr\/wp-json\/wp\/v2\/media\/2590"}],"wp:attachment":[{"href":"https:\/\/nanobond.ir\/tr\/wp-json\/wp\/v2\/media?parent=3275"}],"wp:term":[{"taxonomy":"product_cat","embeddable":true,"href":"https:\/\/nanobond.ir\/tr\/wp-json\/wp\/v2\/product_cat?post=3275"},{"taxonomy":"product_tag","embeddable":true,"href":"https:\/\/nanobond.ir\/tr\/wp-json\/wp\/v2\/product_tag?post=3275"}],"curies":[{"name":"wp","href":"https:\/\/api.w.org\/{rel}","templated":true}]}}