{"id":3257,"date":"2022-10-14T20:26:22","date_gmt":"2022-10-14T20:26:22","guid":{"rendered":"https:\/\/nanobond.ir\/product\/code-541-ozel-hafif-ahsap-tasarim\/"},"modified":"2022-10-14T20:26:22","modified_gmt":"2022-10-14T20:26:22","slug":"code-541-ozel-tasarim-acik-ahsap","status":"publish","type":"product","link":"https:\/\/nanobond.ir\/tr\/urun\/code-541-ozel-tasarim-acik-ahsap\/","title":{"rendered":"Code 541 \u00d6zel hafif ah\u015fap tasar\u0131m"},"content":{"rendered":"<h2>\u00d6zel parlak kompozit levhalar nedir ve nas\u0131l yap\u0131l\u0131r?<\/h2>\n<p>Farkl\u0131 tasar\u0131mlarda: G\u00fcm\u00fc\u015f, alt\u0131n, bak\u0131r ve mavi renklerde \u00e7e\u015fitli tasar\u0131mlarda ah\u015fap tasar\u0131m ve \u00e7e\u015fitli ye\u015fil, beyaz ve traverten tasar\u0131mlarda ta\u015f tasar\u0131m ve ayr\u0131ca kabartmal\u0131 ah\u015fap tasar\u0131m ve \u00e7izik tasar\u0131m (g\u00fcm\u00fc\u015f f\u0131r\u00e7a ve alt\u0131n f\u0131r\u00e7a) dahil olmak \u00fczere a\u00e7\u0131k ve koyu ah\u015fap tasar\u0131m. ..<\/p>\n<h2><strong><span style=\"font-size: 18pt;\">Nano nanobond kompozit al\u00fcminyum levha uygulamalar\u0131<\/span><\/strong><\/h2>\n<ul>\n<li><span dir=\"RTL\" lang=\"AR-SA\">Binan\u0131n d\u0131\u015f cephe kaplamas\u0131<\/span><\/li>\n<li><span dir=\"RTL\" lang=\"AR-SA\">Eski cephelerin kaplanmas\u0131 ve restore edilmesi<\/span><\/li>\n<li><span dir=\"RTL\" lang=\"AR-SA\">Dekorasyon ve i\u00e7 dekorasyon tasar\u0131m\u0131<\/span><\/li>\n<li><span dir=\"RTL\" lang=\"AR-SA\">Benzin istasyonlar\u0131n\u0131n \u00e7at\u0131s\u0131n\u0131n kaplanmas\u0131<\/span><\/li>\n<li><span dir=\"RTL\" lang=\"AR-SA\">Ma\u011faza tabelas\u0131n\u0131n alt\u0131ndaki seviye<\/span><\/li>\n<li><span dir=\"RTL\" lang=\"AR-SA\">Fuar standlar\u0131n\u0131n h\u0131zl\u0131 tasar\u0131m\u0131 ve uygulamas\u0131<\/span><\/li>\n<li><span dir=\"RTL\" lang=\"AR-SA\">Kompozitin mukavemeti ve direncinden dolay\u0131 koruma ama\u00e7l\u0131 \u00e7at\u0131lar\u0131n kaplanmas\u0131<\/span><\/li>\n<\/ul>\n","protected":false},"excerpt":{"rendered":"<p>\u00d6zel parlak kompozit levhalar nedir ve nas\u0131l yap\u0131l\u0131r? Farkl\u0131 tasar\u0131mlarda: G\u00fcm\u00fc\u015f, alt\u0131n, bak\u0131r ve mavi renklerde \u00e7e\u015fitli tasar\u0131mlarda ah\u015fap tasar\u0131m ve \u00e7e\u015fitli ye\u015fil, beyaz ve traverten tasar\u0131mlarda ta\u015f tasar\u0131m ve ayr\u0131ca kabartmal\u0131 ah\u015fap tasar\u0131m ve \u00e7izik tasar\u0131m (g\u00fcm\u00fc\u015f f\u0131r\u00e7a ve alt\u0131n f\u0131r\u00e7a) dahil olmak \u00fczere a\u00e7\u0131k ve koyu ah\u015fap tasar\u0131m. .. Nano nanobond kompozit al\u00fcminyum [&hellip;]<\/p>\n","protected":false},"featured_media":2666,"comment_status":"open","ping_status":"closed","template":"","meta":[],"product_cat":[65],"product_tag":[],"class_list":{"0":"post-3257","1":"product","2":"type-product","3":"status-publish","4":"has-post-thumbnail","6":"product_cat-ozel-parlak-kodlar","8":"first","9":"instock","10":"shipping-taxable","11":"product-type-external"},"_links":{"self":[{"href":"https:\/\/nanobond.ir\/tr\/wp-json\/wp\/v2\/product\/3257","targetHints":{"allow":["GET"]}}],"collection":[{"href":"https:\/\/nanobond.ir\/tr\/wp-json\/wp\/v2\/product"}],"about":[{"href":"https:\/\/nanobond.ir\/tr\/wp-json\/wp\/v2\/types\/product"}],"replies":[{"embeddable":true,"href":"https:\/\/nanobond.ir\/tr\/wp-json\/wp\/v2\/comments?post=3257"}],"wp:featuredmedia":[{"embeddable":true,"href":"https:\/\/nanobond.ir\/tr\/wp-json\/wp\/v2\/media\/2666"}],"wp:attachment":[{"href":"https:\/\/nanobond.ir\/tr\/wp-json\/wp\/v2\/media?parent=3257"}],"wp:term":[{"taxonomy":"product_cat","embeddable":true,"href":"https:\/\/nanobond.ir\/tr\/wp-json\/wp\/v2\/product_cat?post=3257"},{"taxonomy":"product_tag","embeddable":true,"href":"https:\/\/nanobond.ir\/tr\/wp-json\/wp\/v2\/product_tag?post=3257"}],"curies":[{"name":"wp","href":"https:\/\/api.w.org\/{rel}","templated":true}]}}