{"id":3861,"date":"2022-11-22T08:27:35","date_gmt":"2022-11-22T09:27:35","guid":{"rendered":"https:\/\/nanobond.ir\/vision\/"},"modified":"2023-02-17T21:35:13","modified_gmt":"2023-02-17T22:35:13","slug":"vision","status":"publish","type":"page","link":"https:\/\/nanobond.ir\/tr\/vision\/","title":{"rendered":"g\u00f6r\u00fc\u015f"},"content":{"rendered":"\t\t<div data-elementor-type=\"wp-page\" data-elementor-id=\"3861\" class=\"elementor elementor-3861 elementor-1607\">\n\t\t\t\t\t\t\t\t\t<section class=\"elementor-section elementor-top-section elementor-element elementor-element-73579f2 elementor-section-boxed elementor-section-height-default elementor-section-height-default\" data-id=\"73579f2\" data-element_type=\"section\">\n\t\t\t\t\t\t<div class=\"elementor-container elementor-column-gap-default\">\n\t\t\t\t\t<div class=\"elementor-column elementor-col-100 elementor-top-column elementor-element elementor-element-4bced55\" data-id=\"4bced55\" data-element_type=\"column\">\n\t\t\t<div class=\"elementor-widget-wrap elementor-element-populated\">\n\t\t\t\t\t\t\t\t<div class=\"elementor-element elementor-element-b343c0e elementor-widget elementor-widget-heading\" data-id=\"b343c0e\" data-element_type=\"widget\" data-widget_type=\"heading.default\">\n\t\t\t\t<div class=\"elementor-widget-container\">\n\t\t\t<style>\/*! elementor - v3.12.1 - 02-04-2023 *\/\n.elementor-heading-title{padding:0;margin:0;line-height:1}.elementor-widget-heading .elementor-heading-title[class*=elementor-size-]>a{color:inherit;font-size:inherit;line-height:inherit}.elementor-widget-heading .elementor-heading-title.elementor-size-small{font-size:15px}.elementor-widget-heading .elementor-heading-title.elementor-size-medium{font-size:19px}.elementor-widget-heading .elementor-heading-title.elementor-size-large{font-size:29px}.elementor-widget-heading .elementor-heading-title.elementor-size-xl{font-size:39px}.elementor-widget-heading .elementor-heading-title.elementor-size-xxl{font-size:59px}<\/style><h1 class=\"elementor-heading-title elementor-size-default\">Nanobond perspektifi<\/h1>\t\t<\/div>\n\t\t\t\t<\/div>\n\t\t\t\t<div class=\"elementor-element elementor-element-0e81725 elementor-widget elementor-widget-text-editor\" data-id=\"0e81725\" data-element_type=\"widget\" data-widget_type=\"text-editor.default\">\n\t\t\t\t<div class=\"elementor-widget-container\">\n\t\t\t<style>\/*! elementor - v3.12.1 - 02-04-2023 *\/\n.elementor-widget-text-editor.elementor-drop-cap-view-stacked .elementor-drop-cap{background-color:#69727d;color:#fff}.elementor-widget-text-editor.elementor-drop-cap-view-framed .elementor-drop-cap{color:#69727d;border:3px solid;background-color:transparent}.elementor-widget-text-editor:not(.elementor-drop-cap-view-default) .elementor-drop-cap{margin-top:8px}.elementor-widget-text-editor:not(.elementor-drop-cap-view-default) .elementor-drop-cap-letter{width:1em;height:1em}.elementor-widget-text-editor .elementor-drop-cap{float:right;text-align:center;line-height:1;font-size:50px}.elementor-widget-text-editor .elementor-drop-cap-letter{display:inline-block}<\/style>\t\t\t\t<p><img loading=\"lazy\" decoding=\"async\" class=\"aligncenter size-full wp-image-636\" src=\"https:\/\/nanobond.ir\/wp-content\/uploads\/2022\/10\/21.jpg\" alt=\"\" width=\"600\" height=\"400\" srcset=\"https:\/\/nanobond.ir\/wp-content\/uploads\/2022\/10\/21.jpg 600w, https:\/\/nanobond.ir\/wp-content\/uploads\/2022\/10\/21-300x200.jpg 300w\" sizes=\"auto, (max-width: 600px) 100vw, 600px\" \/><\/p><p>\u00dclkede \u00f6rnek bir \u015firket olmay\u0131 ve \u00fclke end\u00fcstrilerinde en iyi yeni hizmetleri sunmay\u0131 ama\u00e7l\u0131yoruz.<\/p><p>1- Sunvia&#8217;n\u0131n sat\u0131\u015f birimlerinin sat\u0131\u015f kapasitesinin art\u0131r\u0131lmas\u0131.<br \/>2- \u0130ran ve kom\u015fu \u00fclkeler pazar\u0131 \u00fczerinde tam kontrol<br \/>3- K\u0131sa ve uzun vadeli programlar uygulayarak \u00e7evreyi koruma y\u00fck\u00fcml\u00fcl\u00fc\u011f\u00fc.<br \/>4- \u015eirket i\u015flerinde sa\u011fl\u0131k ve teknik bilgi d\u00fczeyini geli\u015ftirmek. Uluslararas\u0131 d\u00fczeyde m\u00fckemmel bir organizasyon olmak.<br \/>5- \u0130nsan kaynaklar\u0131n\u0131n s\u00fcrd\u00fcr\u00fclebilir geli\u015fimi ve korunmas\u0131 i\u00e7in imana model sat\u0131\u015f ve hizmet birimi.<br \/>6- \u0130nsan kaynaklar\u0131n\u0131n kapasite geli\u015ftirme ve e\u011fitimi (bilgilerini g\u00fcncellemek ve becerilerini geli\u015ftirmek)<br \/>7- Modern uluslararas\u0131 y\u00f6ntem ve tekniklerin (teknoloji ve teknik bilgi aktar\u0131m\u0131) edinilmesi ve k\u00fcresel geli\u015fmelerin h\u0131zlanan s\u00fcreci ile senkronize edilmesi.<br \/>8- Servis merkezlerinin kurulmas\u0131 ve b\u00f6lgesel sat\u0131\u015flar yoluyla pazar alan\u0131n\u0131n geli\u015ftirilmesi.<br \/>9- Sat\u0131\u015f pazar\u0131n\u0131 geli\u015ftirmek ve \u00e7al\u0131\u015fanlar ile m\u00fc\u015fteriler aras\u0131ndaki ileti\u015fim seviyesini s\u00fcrekli iyile\u015ftirmek ve iyi ili\u015fkiler ve fark\u0131ndal\u0131k yaratmak i\u00e7in motivasyon yaratmak<br \/>10- Ticari ve hizmet operasyonlar\u0131n\u0131n kalitesinin y\u00fckseltilmesi.<br \/>11- Yeni ve modern hatlar\u0131n in\u015fas\u0131 ile m\u00fc\u015fterilerime hizmet verme kabiliyetini geli\u015ftirmek.<br \/>12- \u0130nsan kaynaklar\u0131n\u0131n geli\u015ftirilmesi ve organizasyon yap\u0131s\u0131n\u0131n \u015firketin vizyon ve hedeflerine g\u00f6re de\u011fi\u015ftirilmesi.<br \/>13- \u00c7al\u0131\u015fanlar\u0131n k\u00fclt\u00fcrel, pratik ve ileti\u015fim durumlar\u0131n\u0131 geli\u015ftirmek.<br \/>14- \u015eirket hizmetlerinin sermaye yap\u0131s\u0131ndaki de\u011fi\u015fikliklere uygun olarak ticari mal arz kaynaklar\u0131n\u0131n ve hizmet piyasas\u0131n\u0131n geli\u015ftirilmesi.<br \/>15- \u015eirketin ticari bilgi, hizmet ve bilgi teknolojisi sekt\u00f6rlerindeki faaliyetiyle ilgili teknolojik geli\u015fme ve m\u00fchendislik bilgisi.<br \/>16- \u015eirketin sermaye yap\u0131s\u0131ndaki de\u011fi\u015fiklikler ile pazar ve t\u00fcketimdeki (arz ve talep) de\u011fi\u015fikliklere g\u00f6re \u015firketin i\u015fleyi\u015f organizasyonunun, sisteminin ve i\u015fleyi\u015f y\u00f6ntemlerinin g\u00fcncellenmesi.<br \/>17- \u015eirketin mevcut ve gelecekteki faaliyetlerine uygun olarak yap\u0131sal tesislerin geli\u015ftirilmesi.<br \/>18- \u015eirketin idari muhasebe yap\u0131s\u0131n\u0131n a\u011f\u0131rl\u0131kl\u0131 olarak reforme edilmesi.<br \/>19- Uygun maliyetli y\u00f6netim<br \/>20- Sahabenin iltifatlar\u0131<br \/>21- Proje i\u00e7in m\u00fchendislik s\u00fcrecinin de\u011fi\u015ftirilmesi<br \/>22- \u00d6rg\u00fct i\u00e7inde dilenmek<\/p><p>\u00a0<\/p>\t\t\t\t\t\t<\/div>\n\t\t\t\t<\/div>\n\t\t\t\t\t<\/div>\n\t\t<\/div>\n\t\t\t\t\t\t\t<\/div>\n\t\t<\/section>\n\t\t\t\t\t\t\t<\/div>\n\t\t","protected":false},"excerpt":{"rendered":"<p>Nanobond perspektifi \u00dclkede \u00f6rnek bir \u015firket olmay\u0131 ve \u00fclke end\u00fcstrilerinde en iyi yeni hizmetleri sunmay\u0131 ama\u00e7l\u0131yoruz. 1- Sunvia&#8217;n\u0131n sat\u0131\u015f birimlerinin sat\u0131\u015f kapasitesinin art\u0131r\u0131lmas\u0131.2- \u0130ran ve kom\u015fu \u00fclkeler pazar\u0131 \u00fczerinde tam kontrol3- K\u0131sa ve uzun vadeli programlar uygulayarak \u00e7evreyi koruma y\u00fck\u00fcml\u00fcl\u00fc\u011f\u00fc.4- \u015eirket i\u015flerinde sa\u011fl\u0131k ve teknik bilgi d\u00fczeyini geli\u015ftirmek. Uluslararas\u0131 d\u00fczeyde m\u00fckemmel bir organizasyon olmak.5- \u0130nsan [&hellip;]<\/p>\n","protected":false},"author":1,"featured_media":0,"parent":0,"menu_order":0,"comment_status":"closed","ping_status":"closed","template":"","meta":{"footnotes":""},"class_list":["post-3861","page","type-page","status-publish","hentry"],"_links":{"self":[{"href":"https:\/\/nanobond.ir\/tr\/wp-json\/wp\/v2\/pages\/3861","targetHints":{"allow":["GET"]}}],"collection":[{"href":"https:\/\/nanobond.ir\/tr\/wp-json\/wp\/v2\/pages"}],"about":[{"href":"https:\/\/nanobond.ir\/tr\/wp-json\/wp\/v2\/types\/page"}],"author":[{"embeddable":true,"href":"https:\/\/nanobond.ir\/tr\/wp-json\/wp\/v2\/users\/1"}],"replies":[{"embeddable":true,"href":"https:\/\/nanobond.ir\/tr\/wp-json\/wp\/v2\/comments?post=3861"}],"version-history":[{"count":7,"href":"https:\/\/nanobond.ir\/tr\/wp-json\/wp\/v2\/pages\/3861\/revisions"}],"predecessor-version":[{"id":3872,"href":"https:\/\/nanobond.ir\/tr\/wp-json\/wp\/v2\/pages\/3861\/revisions\/3872"}],"wp:attachment":[{"href":"https:\/\/nanobond.ir\/tr\/wp-json\/wp\/v2\/media?parent=3861"}],"curies":[{"name":"wp","href":"https:\/\/api.w.org\/{rel}","templated":true}]}}