{"id":3745,"date":"2022-09-23T23:59:45","date_gmt":"2022-09-23T23:59:45","guid":{"rendered":"https:\/\/nanobond.ir\/questions\/"},"modified":"2023-03-03T08:11:13","modified_gmt":"2023-03-03T09:11:13","slug":"questions","status":"publish","type":"page","link":"https:\/\/nanobond.ir\/tr\/questions\/","title":{"rendered":"yayg\u0131n sorular"},"content":{"rendered":"\t\t<div data-elementor-type=\"wp-page\" data-elementor-id=\"3745\" class=\"elementor elementor-3745 elementor-203\">\n\t\t\t\t\t\t\t\t\t<section class=\"elementor-section elementor-top-section elementor-element elementor-element-e86a7ec elementor-section-content-middle elementor-section-boxed elementor-section-height-default elementor-section-height-default\" data-id=\"e86a7ec\" data-element_type=\"section\">\n\t\t\t\t\t\t<div class=\"elementor-container elementor-column-gap-wider\">\n\t\t\t\t\t<div class=\"elementor-column elementor-col-100 elementor-top-column elementor-element elementor-element-75b0c7c\" data-id=\"75b0c7c\" data-element_type=\"column\">\n\t\t\t<div class=\"elementor-widget-wrap elementor-element-populated\">\n\t\t\t\t\t\t\t\t<section class=\"elementor-section elementor-inner-section elementor-element elementor-element-85650c4 elementor-section-boxed elementor-section-height-default elementor-section-height-default\" data-id=\"85650c4\" data-element_type=\"section\">\n\t\t\t\t\t\t<div class=\"elementor-container elementor-column-gap-default\">\n\t\t\t\t\t<div class=\"elementor-column elementor-col-100 elementor-inner-column elementor-element elementor-element-0421efe\" data-id=\"0421efe\" data-element_type=\"column\">\n\t\t\t<div class=\"elementor-widget-wrap elementor-element-populated\">\n\t\t\t\t\t\t\t\t<div class=\"elementor-element elementor-element-68e583a elementor-widget elementor-widget-heading\" data-id=\"68e583a\" data-element_type=\"widget\" data-widget_type=\"heading.default\">\n\t\t\t\t<div class=\"elementor-widget-container\">\n\t\t\t<style>\/*! elementor - v3.12.1 - 02-04-2023 *\/\n.elementor-heading-title{padding:0;margin:0;line-height:1}.elementor-widget-heading .elementor-heading-title[class*=elementor-size-]>a{color:inherit;font-size:inherit;line-height:inherit}.elementor-widget-heading .elementor-heading-title.elementor-size-small{font-size:15px}.elementor-widget-heading .elementor-heading-title.elementor-size-medium{font-size:19px}.elementor-widget-heading .elementor-heading-title.elementor-size-large{font-size:29px}.elementor-widget-heading .elementor-heading-title.elementor-size-xl{font-size:39px}.elementor-widget-heading .elementor-heading-title.elementor-size-xxl{font-size:59px}<\/style><h2 class=\"elementor-heading-title elementor-size-default\">yayg\u0131n sorular<\/h2>\t\t<\/div>\n\t\t\t\t<\/div>\n\t\t\t\t<div class=\"elementor-element elementor-element-ae7c3e2 elementor-widget elementor-widget-text-editor\" data-id=\"ae7c3e2\" data-element_type=\"widget\" data-widget_type=\"text-editor.default\">\n\t\t\t\t<div class=\"elementor-widget-container\">\n\t\t\t<style>\/*! elementor - v3.12.1 - 02-04-2023 *\/\n.elementor-widget-text-editor.elementor-drop-cap-view-stacked .elementor-drop-cap{background-color:#69727d;color:#fff}.elementor-widget-text-editor.elementor-drop-cap-view-framed .elementor-drop-cap{color:#69727d;border:3px solid;background-color:transparent}.elementor-widget-text-editor:not(.elementor-drop-cap-view-default) .elementor-drop-cap{margin-top:8px}.elementor-widget-text-editor:not(.elementor-drop-cap-view-default) .elementor-drop-cap-letter{width:1em;height:1em}.elementor-widget-text-editor .elementor-drop-cap{float:right;text-align:center;line-height:1;font-size:50px}.elementor-widget-text-editor .elementor-drop-cap-letter{display:inline-block}<\/style>\t\t\t\t<p>Bu b\u00f6l\u00fcmde cephe ve bina kompozit al\u00fcminyum levhalar alan\u0131nda s\u0131k\u00e7a sorulan sorulara ula\u015fabilirsiniz.<\/p>\n\t\t\t\t\t\t<\/div>\n\t\t\t\t<\/div>\n\t\t\t\t\t<\/div>\n\t\t<\/div>\n\t\t\t\t\t\t\t<\/div>\n\t\t<\/section>\n\t\t\t\t<section class=\"elementor-section elementor-inner-section elementor-element elementor-element-ada3a57 elementor-section-boxed elementor-section-height-default elementor-section-height-default\" data-id=\"ada3a57\" data-element_type=\"section\">\n\t\t\t\t\t\t<div class=\"elementor-container elementor-column-gap-default\">\n\t\t\t\t\t<div class=\"elementor-column elementor-col-100 elementor-inner-column elementor-element elementor-element-f28fada\" data-id=\"f28fada\" data-element_type=\"column\">\n\t\t\t<div class=\"elementor-widget-wrap elementor-element-populated\">\n\t\t\t\t\t\t\t\t<div class=\"elementor-element elementor-element-7e2ca53 elementor-widget elementor-widget-bdt-accordion\" data-id=\"7e2ca53\" data-element_type=\"widget\" data-widget_type=\"bdt-accordion.default\">\n\t\t\t\t<div class=\"elementor-widget-container\">\n\t\t\t        <div class=\"bdt-ep-accordion-container\">\r\n            <div id=\"bdt-ep-accordion-7e2ca53\" class=\"bdt-ep-accordion bdt-accordion\" data-bdt-accordion=\"{&quot;collapsible&quot;:true,&quot;multiple&quot;:false,&quot;transition&quot;:&quot;ease-in-out&quot;}\" data-settings=\"{&quot;id&quot;:&quot;bdt-ep-accordion-7e2ca53&quot;,&quot;activeHash&quot;:&quot;no&quot;,&quot;activeScrollspy&quot;:null,&quot;hashTopOffset&quot;:false,&quot;hashScrollspyTime&quot;:false}\">\r\n                                    <div class=\"bdt-ep-accordion-item\">\r\n                        <div class=\"bdt-ep-accordion-title bdt-accordion-title bdt-flex bdt-flex-middle bdt-flex-between\" id=\"bdt-ep-accordion-nanobond-kompozit-alminyum-levha-sipari-etme-sreci-nedir\" data-accordion-index=\"0\" data-title=\"nanobond-kompozit-al-minyum-levha-sipari-etme-s-reci-nedir\" role=\"heading\">\r\n\r\n                                                            <span class=\"bdt-ep-accordion-icon bdt-flex-align-right\" aria-hidden=\"true\">\r\n\r\n                                                                            <span class=\"bdt-ep-accordion-icon-closed\">\r\n                                            <i aria-hidden=\"true\" class=\"fa-fw fas fa-angle-down\"><\/i>                                        <\/span>\r\n                                    \r\n                                                                            <span class=\"bdt-ep-accordion-icon-opened\">\r\n                                            <i aria-hidden=\"true\" class=\"fa-fw fas fa-angle-up\"><\/i>                                        <\/span>\r\n                                    \r\n                                <\/span>\r\n                            \r\n                            <span class=\"bdt-ep-title-text bdt-flex bdt-flex-middle\">\r\n\r\n                                                                Nanobond kompozit al\u00fcminyum levha sipari\u015f etme s\u00fcreci nedir?                            <\/span>\r\n\r\n                        <\/div>\r\n                        <div class=\"bdt-ep-accordion-content bdt-accordion-content\">\r\n                            <p>Sipari\u015f kayd\u0131 ve sac talepleri sat\u0131\u015f uzmanlar\u0131 arac\u0131l\u0131\u011f\u0131yla yap\u0131lmakta olup, a\u015fa\u011f\u0131daki numaralardan ileti\u015fime ge\u00e7ebilir veya +989121713567 WhatsApp numaras\u0131na sipari\u015f talebi g\u00f6nderebilirsiniz.<\/p><p>\u00a0+98 9121713567.<br \/>+98 2188446279 &#8211; +98 2188397385 &#8211; +98 2188397495<br \/>+98 9121208342 &#8211; +98 9121713567 &#8211; +98 9173839721<\/p>                        <\/div>\r\n                    <\/div>\r\n                                    <div class=\"bdt-ep-accordion-item\">\r\n                        <div class=\"bdt-ep-accordion-title bdt-accordion-title bdt-flex bdt-flex-middle bdt-flex-between\" id=\"bdt-ep-accordion-kompozit-alminyum-levha-d-cephede-altn-bakr-gm-ve-mavi-kullanlabilir-mi\" data-accordion-index=\"1\" data-title=\"kompozit-al-minyum-levha-d-cephede-alt-n-bak-r-g-m-ve-mavi-kullan-labilir-mi\" role=\"heading\">\r\n\r\n                                                            <span class=\"bdt-ep-accordion-icon bdt-flex-align-right\" aria-hidden=\"true\">\r\n\r\n                                                                            <span class=\"bdt-ep-accordion-icon-closed\">\r\n                                            <i aria-hidden=\"true\" class=\"fa-fw fas fa-angle-down\"><\/i>                                        <\/span>\r\n                                    \r\n                                                                            <span class=\"bdt-ep-accordion-icon-opened\">\r\n                                            <i aria-hidden=\"true\" class=\"fa-fw fas fa-angle-up\"><\/i>                                        <\/span>\r\n                                    \r\n                                <\/span>\r\n                            \r\n                            <span class=\"bdt-ep-title-text bdt-flex bdt-flex-middle\">\r\n\r\n                                                                Kompozit al\u00fcminyum levha d\u0131\u015f cephede alt\u0131n, bak\u0131r, g\u00fcm\u00fc\u015f ve mavi kullan\u0131labilir mi?                            <\/span>\r\n\r\n                        <\/div>\r\n                        <div class=\"bdt-ep-accordion-content bdt-accordion-content\">\r\n                            <p>Hay\u0131r, nanobond alt\u0131n, bak\u0131r, g\u00fcm\u00fc\u015f ve mavi al\u00fcminyum kompozit levhalar dahili kullan\u0131m i\u00e7indir ve harici kullan\u0131m garantisine dahil de\u011fildir.<\/p>                        <\/div>\r\n                    <\/div>\r\n                                    <div class=\"bdt-ep-accordion-item\">\r\n                        <div class=\"bdt-ep-accordion-title bdt-accordion-title bdt-flex bdt-flex-middle bdt-flex-between\" id=\"bdt-ep-accordion-nanobond-kompozit-alminyum-levhalarda-bir-kodda-renk-fark-var-m\" data-accordion-index=\"2\" data-title=\"nanobond-kompozit-al-minyum-levhalarda-bir-kodda-renk-fark-var-m\" role=\"heading\">\r\n\r\n                                                            <span class=\"bdt-ep-accordion-icon bdt-flex-align-right\" aria-hidden=\"true\">\r\n\r\n                                                                            <span class=\"bdt-ep-accordion-icon-closed\">\r\n                                            <i aria-hidden=\"true\" class=\"fa-fw fas fa-angle-down\"><\/i>                                        <\/span>\r\n                                    \r\n                                                                            <span class=\"bdt-ep-accordion-icon-opened\">\r\n                                            <i aria-hidden=\"true\" class=\"fa-fw fas fa-angle-up\"><\/i>                                        <\/span>\r\n                                    \r\n                                <\/span>\r\n                            \r\n                            <span class=\"bdt-ep-title-text bdt-flex bdt-flex-middle\">\r\n\r\n                                                                Nanobond kompozit al\u00fcminyum levhalarda bir kodda renk fark\u0131 var m\u0131?                            <\/span>\r\n\r\n                        <\/div>\r\n                        <div class=\"bdt-ep-accordion-content bdt-accordion-content\">\r\n                            <p>Her bir al\u00fcminyum bobin, yakla\u015f\u0131k 2500 metrekare ila 2600 metrekare kompozit al\u00fcminyum levha \u00fcretir. Bir i\u015f eksi\u011fi oldu\u011fu zaman listedeki \u00fcretim tarihine dikkat edilmelidir ki ayn\u0131 tarihte \u00fcretilen kompozit levhadan eksiklik giderilebilsin.<\/p>                        <\/div>\r\n                    <\/div>\r\n                                    <div class=\"bdt-ep-accordion-item\">\r\n                        <div class=\"bdt-ep-accordion-title bdt-accordion-title bdt-flex bdt-flex-middle bdt-flex-between\" id=\"bdt-ep-accordion-nanobond-levha-kompozitin-iki-alminyum-kabuu-arasndaki-ekirdek-nedir\" data-accordion-index=\"3\" data-title=\"nanobond-levha-kompozitin-iki-al-minyum-kabu-u-aras-ndaki-ekirdek-nedir\" role=\"heading\">\r\n\r\n                                                            <span class=\"bdt-ep-accordion-icon bdt-flex-align-right\" aria-hidden=\"true\">\r\n\r\n                                                                            <span class=\"bdt-ep-accordion-icon-closed\">\r\n                                            <i aria-hidden=\"true\" class=\"fa-fw fas fa-angle-down\"><\/i>                                        <\/span>\r\n                                    \r\n                                                                            <span class=\"bdt-ep-accordion-icon-opened\">\r\n                                            <i aria-hidden=\"true\" class=\"fa-fw fas fa-angle-up\"><\/i>                                        <\/span>\r\n                                    \r\n                                <\/span>\r\n                            \r\n                            <span class=\"bdt-ep-title-text bdt-flex bdt-flex-middle\">\r\n\r\n                                                                Nanobond levha kompozitin iki al\u00fcminyum kabu\u011fu aras\u0131ndaki \u00e7ekirdek nedir?                            <\/span>\r\n\r\n                        <\/div>\r\n                        <div class=\"bdt-ep-accordion-content bdt-accordion-content\">\r\n                            <p>Polietilen, bir petrol \u00fcr\u00fcn\u00fc olan nanobond kompozit al\u00fcminyum levhalar\u0131n orta \u00e7ekirde\u011finin malzemesi olup, i\u00e7 ve d\u0131\u015f direnci ara\u015ft\u0131r\u0131lm\u0131\u015ft\u0131r. Bu malzeme ayn\u0131 zamanda nanoband kompozit tabakan\u0131n mukavemetini, esnekli\u011fini ve stabilitesini de artt\u0131r\u0131r. Yanmaz \u00e7ekirdek, esas olarak nanobond yanmaz kompozit levha i\u00e7in kullan\u0131lan ve \u00e7e\u015fitli testlere tabi tutulmu\u015f yanmaz nanobond olarak bilinen mineral yanmaz \u00e7ekirdektir.<\/p>                        <\/div>\r\n                    <\/div>\r\n                                    <div class=\"bdt-ep-accordion-item\">\r\n                        <div class=\"bdt-ep-accordion-title bdt-accordion-title bdt-flex bdt-flex-middle bdt-flex-between\" id=\"bdt-ep-accordion-nanobond-yanmaz-levhalarn-yangna-dayankllk-derecesi-nedir\" data-accordion-index=\"4\" data-title=\"nanobond-yanmaz-levhalar-n-yang-na-dayan-kl-l-k-derecesi-nedir\" role=\"heading\">\r\n\r\n                                                            <span class=\"bdt-ep-accordion-icon bdt-flex-align-right\" aria-hidden=\"true\">\r\n\r\n                                                                            <span class=\"bdt-ep-accordion-icon-closed\">\r\n                                            <i aria-hidden=\"true\" class=\"fa-fw fas fa-angle-down\"><\/i>                                        <\/span>\r\n                                    \r\n                                                                            <span class=\"bdt-ep-accordion-icon-opened\">\r\n                                            <i aria-hidden=\"true\" class=\"fa-fw fas fa-angle-up\"><\/i>                                        <\/span>\r\n                                    \r\n                                <\/span>\r\n                            \r\n                            <span class=\"bdt-ep-title-text bdt-flex bdt-flex-middle\">\r\n\r\n                                                                Nanobond yanmaz levhalar\u0131n yang\u0131na dayan\u0131kl\u0131l\u0131k derecesi nedir?                            <\/span>\r\n\r\n                        <\/div>\r\n                        <div class=\"bdt-ep-accordion-content bdt-accordion-content\">\r\n                            <p>FR ad\u0131 verilen nanobond yanmaz levhalar\u0131n yang\u0131na dayan\u0131kl\u0131l\u0131k derecesi Konut ve Kentsel Geli\u015fim Ara\u015ft\u0131rma Merkezi ve Razi testlerinden ba\u015far\u0131yla ge\u00e7mi\u015ftir.FR nanobond ayr\u0131ca 211 santigrat derece k\u0131r\u0131lma s\u0131cakl\u0131\u011f\u0131nda ASTM testinden de ge\u00e7mi\u015ftir.Bu en y\u00fckseklerden biridir. d\u00fcnyadaki yang\u0131na dayan\u0131kl\u0131l\u0131k seviyeleri nanobond nas\u0131l?<\/p>                        <\/div>\r\n                    <\/div>\r\n                                    <div class=\"bdt-ep-accordion-item\">\r\n                        <div class=\"bdt-ep-accordion-title bdt-accordion-title bdt-flex bdt-flex-middle bdt-flex-between\" id=\"bdt-ep-accordion-nanoband-kompozit-alminyum-levhalarn-garanti-ve-sigorta-poliesi-nasl-alnr\" data-accordion-index=\"5\" data-title=\"nanoband-kompozit-al-minyum-levhalar-n-garanti-ve-sigorta-poli-esi-nas-l-al-n-r\" role=\"heading\">\r\n\r\n                                                            <span class=\"bdt-ep-accordion-icon bdt-flex-align-right\" aria-hidden=\"true\">\r\n\r\n                                                                            <span class=\"bdt-ep-accordion-icon-closed\">\r\n                                            <i aria-hidden=\"true\" class=\"fa-fw fas fa-angle-down\"><\/i>                                        <\/span>\r\n                                    \r\n                                                                            <span class=\"bdt-ep-accordion-icon-opened\">\r\n                                            <i aria-hidden=\"true\" class=\"fa-fw fas fa-angle-up\"><\/i>                                        <\/span>\r\n                                    \r\n                                <\/span>\r\n                            \r\n                            <span class=\"bdt-ep-title-text bdt-flex bdt-flex-middle\">\r\n\r\n                                                                Nanoband kompozit al\u00fcminyum levhalar\u0131n garanti ve sigorta poli\u00e7esi nas\u0131l al\u0131n\u0131r?                            <\/span>\r\n\r\n                        <\/div>\r\n                        <div class=\"bdt-ep-accordion-content bdt-accordion-content\">\r\n                            <p>Nanobond firmas\u0131n\u0131n garanti ve sigorta poli\u00e7esini alabilmek i\u00e7in, Nanobond kompozit al\u00fcminyum levha uyguland\u0131ktan sonra, kompozit levhan\u0131n etiketi ve kapa\u011f\u0131 ile net bir \u015fekilde g\u00f6r\u00fclebilecek \u015fekilde, kapak \u00e7\u0131kar\u0131ld\u0131ktan sonra da foto\u011fraf \u00e7ekilmelidir. ve Nanobond etiketi.<br \/>Ge\u00e7erli bir garanti ve sigorta poli\u00e7esinin yaln\u0131zca \u015firket arac\u0131l\u0131\u011f\u0131yla ve projenin adresi ve uygulaman\u0131n ba\u015flang\u0131\u00e7 \u200b\u200bve biti\u015fi ve i\u015fveren detaylar\u0131 gibi t\u00fcm detaylar\u0131yla sa\u011flanabilece\u011fine dikkat edin.<\/p>                        <\/div>\r\n                    <\/div>\r\n                                    <div class=\"bdt-ep-accordion-item\">\r\n                        <div class=\"bdt-ep-accordion-title bdt-accordion-title bdt-flex bdt-flex-middle bdt-flex-between\" id=\"bdt-ep-accordion-alminyum-kompozit-levhann-standart-lleri-ve-kalnlklar-nelerdir\" data-accordion-index=\"6\" data-title=\"al-minyum-kompozit-levhan-n-standart-l-leri-ve-kal-nl-klar-nelerdir\" role=\"heading\">\r\n\r\n                                                            <span class=\"bdt-ep-accordion-icon bdt-flex-align-right\" aria-hidden=\"true\">\r\n\r\n                                                                            <span class=\"bdt-ep-accordion-icon-closed\">\r\n                                            <i aria-hidden=\"true\" class=\"fa-fw fas fa-angle-down\"><\/i>                                        <\/span>\r\n                                    \r\n                                                                            <span class=\"bdt-ep-accordion-icon-opened\">\r\n                                            <i aria-hidden=\"true\" class=\"fa-fw fas fa-angle-up\"><\/i>                                        <\/span>\r\n                                    \r\n                                <\/span>\r\n                            \r\n                            <span class=\"bdt-ep-title-text bdt-flex bdt-flex-middle\">\r\n\r\n                                                                Al\u00fcminyum kompozit levhan\u0131n standart \u00f6l\u00e7\u00fcleri ve kal\u0131nl\u0131klar\u0131 nelerdir?                            <\/span>\r\n\r\n                        <\/div>\r\n                        <div class=\"bdt-ep-accordion-content bdt-accordion-content\">\r\n                            <p>4 mil kal\u0131nl\u0131\u011f\u0131nda i\u00e7 ve d\u0131\u015f kullan\u0131m i\u00e7in Nanobond kompozit levhalar.<\/p><p>Standart \u00f6l\u00e7\u00fcler 125 cm eninde olup uzunluk m\u00fc\u015fteri sipari\u015fine g\u00f6re de\u011fi\u015fmekle birlikte standart boy 320 cm dir. Al\u00fcminyum kabu\u011fun kal\u0131nl\u0131\u011f\u0131 farkl\u0131d\u0131r ve panel kabu\u011fu (panellere uygun), ekonomi kabu\u011fu (y\u00fcksekli\u011fi az olan binalar\u0131n cephe ve panellerine uygun) ve panellere uygun 0,2 ve 0,3 kabu\u011fu \u015feklinde ayr\u0131larak \u00fcretilmektedir. ve y\u00fcksek bina cepheleri.<\/p><p>Pano sac\u0131n\u0131n 5 y\u0131l, ekonomi sac\u0131n\u0131n 10 y\u0131l, 0.2 ve 0.3 saclar\u0131n 15 y\u0131l garantili olup 10 y\u0131l sigortal\u0131 oldu\u011fu belirtilmelidir.<\/p>                        <\/div>\r\n                    <\/div>\r\n                            <\/div>\r\n        <\/div>\r\n    \t\t<\/div>\n\t\t\t\t<\/div>\n\t\t\t\t\t<\/div>\n\t\t<\/div>\n\t\t\t\t\t\t\t<\/div>\n\t\t<\/section>\n\t\t\t\t\t<\/div>\n\t\t<\/div>\n\t\t\t\t\t\t\t<\/div>\n\t\t<\/section>\n\t\t\t\t\t\t\t<\/div>\n\t\t","protected":false},"excerpt":{"rendered":"<p>yayg\u0131n sorular Bu b\u00f6l\u00fcmde cephe ve bina kompozit al\u00fcminyum levhalar alan\u0131nda s\u0131k\u00e7a sorulan sorulara ula\u015fabilirsiniz. Nanobond kompozit al\u00fcminyum levha sipari\u015f etme s\u00fcreci nedir? Sipari\u015f kayd\u0131 ve sac talepleri sat\u0131\u015f uzmanlar\u0131 arac\u0131l\u0131\u011f\u0131yla yap\u0131lmakta olup, a\u015fa\u011f\u0131daki numaralardan ileti\u015fime ge\u00e7ebilir veya +989121713567 WhatsApp numaras\u0131na sipari\u015f talebi g\u00f6nderebilirsiniz. \u00a0+98 9121713567.+98 2188446279 &#8211; +98 2188397385 &#8211; +98 2188397495+98 9121208342 &#8211; [&hellip;]<\/p>\n","protected":false},"author":1,"featured_media":0,"parent":0,"menu_order":0,"comment_status":"closed","ping_status":"closed","template":"","meta":{"footnotes":""},"class_list":["post-3745","page","type-page","status-publish","hentry"],"_links":{"self":[{"href":"https:\/\/nanobond.ir\/tr\/wp-json\/wp\/v2\/pages\/3745","targetHints":{"allow":["GET"]}}],"collection":[{"href":"https:\/\/nanobond.ir\/tr\/wp-json\/wp\/v2\/pages"}],"about":[{"href":"https:\/\/nanobond.ir\/tr\/wp-json\/wp\/v2\/types\/page"}],"author":[{"embeddable":true,"href":"https:\/\/nanobond.ir\/tr\/wp-json\/wp\/v2\/users\/1"}],"replies":[{"embeddable":true,"href":"https:\/\/nanobond.ir\/tr\/wp-json\/wp\/v2\/comments?post=3745"}],"version-history":[{"count":12,"href":"https:\/\/nanobond.ir\/tr\/wp-json\/wp\/v2\/pages\/3745\/revisions"}],"predecessor-version":[{"id":4360,"href":"https:\/\/nanobond.ir\/tr\/wp-json\/wp\/v2\/pages\/3745\/revisions\/4360"}],"wp:attachment":[{"href":"https:\/\/nanobond.ir\/tr\/wp-json\/wp\/v2\/media?parent=3745"}],"curies":[{"name":"wp","href":"https:\/\/api.w.org\/{rel}","templated":true}]}}