{"id":3360,"date":"2022-11-22T08:39:27","date_gmt":"2022-11-22T09:39:27","guid":{"rendered":"https:\/\/nanobond.ir\/nanobond-urun-garantisi\/"},"modified":"2023-02-18T07:04:01","modified_gmt":"2023-02-18T08:04:01","slug":"nanobond-urun-garantisi","status":"publish","type":"page","link":"https:\/\/nanobond.ir\/tr\/nanobond-urun-garantisi\/","title":{"rendered":"Nanobond \u00fcr\u00fcn garantisi"},"content":{"rendered":"\t\t<div data-elementor-type=\"wp-page\" data-elementor-id=\"3360\" class=\"elementor elementor-3360 elementor-1628\">\n\t\t\t\t\t\t\t\t\t<section class=\"elementor-section elementor-top-section elementor-element elementor-element-4a0165e elementor-section-boxed elementor-section-height-default elementor-section-height-default\" data-id=\"4a0165e\" data-element_type=\"section\">\n\t\t\t\t\t\t<div class=\"elementor-container elementor-column-gap-default\">\n\t\t\t\t\t<div class=\"elementor-column elementor-col-100 elementor-top-column elementor-element elementor-element-8699e93\" data-id=\"8699e93\" data-element_type=\"column\">\n\t\t\t<div class=\"elementor-widget-wrap elementor-element-populated\">\n\t\t\t\t\t\t\t\t<div class=\"elementor-element elementor-element-54d3ff7 elementor-widget elementor-widget-heading\" data-id=\"54d3ff7\" data-element_type=\"widget\" data-widget_type=\"heading.default\">\n\t\t\t\t<div class=\"elementor-widget-container\">\n\t\t\t<style>\/*! elementor - v3.12.1 - 02-04-2023 *\/\n.elementor-heading-title{padding:0;margin:0;line-height:1}.elementor-widget-heading .elementor-heading-title[class*=elementor-size-]>a{color:inherit;font-size:inherit;line-height:inherit}.elementor-widget-heading .elementor-heading-title.elementor-size-small{font-size:15px}.elementor-widget-heading .elementor-heading-title.elementor-size-medium{font-size:19px}.elementor-widget-heading .elementor-heading-title.elementor-size-large{font-size:29px}.elementor-widget-heading .elementor-heading-title.elementor-size-xl{font-size:39px}.elementor-widget-heading .elementor-heading-title.elementor-size-xxl{font-size:59px}<\/style><h1 class=\"elementor-heading-title elementor-size-default\">Nanobond \u00fcr\u00fcn garantisi<\/h1>\t\t<\/div>\n\t\t\t\t<\/div>\n\t\t\t\t<div class=\"elementor-element elementor-element-5dc7fa7 elementor-widget elementor-widget-text-editor\" data-id=\"5dc7fa7\" data-element_type=\"widget\" data-widget_type=\"text-editor.default\">\n\t\t\t\t<div class=\"elementor-widget-container\">\n\t\t\t<style>\/*! elementor - v3.12.1 - 02-04-2023 *\/\n.elementor-widget-text-editor.elementor-drop-cap-view-stacked .elementor-drop-cap{background-color:#69727d;color:#fff}.elementor-widget-text-editor.elementor-drop-cap-view-framed .elementor-drop-cap{color:#69727d;border:3px solid;background-color:transparent}.elementor-widget-text-editor:not(.elementor-drop-cap-view-default) .elementor-drop-cap{margin-top:8px}.elementor-widget-text-editor:not(.elementor-drop-cap-view-default) .elementor-drop-cap-letter{width:1em;height:1em}.elementor-widget-text-editor .elementor-drop-cap{float:right;text-align:center;line-height:1;font-size:50px}.elementor-widget-text-editor .elementor-drop-cap-letter{display:inline-block}<\/style>\t\t\t\t<p><img loading=\"lazy\" decoding=\"async\" class=\"aligncenter size-full wp-image-637\" src=\"https:\/\/nanobond.ir\/wp-content\/uploads\/2022\/10\/garanty.jpg\" alt=\"nanobond \u00fcr\u00fcnlerinin garanti ko\u015fullar\u0131\" width=\"600\" height=\"400\" srcset=\"https:\/\/nanobond.ir\/wp-content\/uploads\/2022\/10\/garanty.jpg 600w, https:\/\/nanobond.ir\/wp-content\/uploads\/2022\/10\/garanty-300x200.jpg 300w\" sizes=\"auto, (max-width: 600px) 100vw, 600px\" \/><\/p>\n<p>Bina cephesi ile ilgili levhalar 15 y\u0131l Nanobond firmas\u0131na, art\u0131 10 y\u0131l \u0130ran sigortas\u0131na, ayr\u0131ca Nanobond firmas\u0131na ait ekonomi levhalar\u0131 10 y\u0131l, tabela levhalar\u0131 (d\u00fckkan) 5- y\u0131l garantilidir. y\u0131l garanti &#8211; garantinin verilebilmesi i\u00e7in, levhan\u0131n koruyucu etiketini \u00e7\u0131karmadan \u00f6nce proje g\u00f6r\u00fcnt\u00fclerini g\u00f6ndermenin ve levhan\u0131n koruyucu etiketini \u00e7\u0131kard\u0131ktan sonra resimlerin gerekli oldu\u011funa dikkat edilmelidir &#8211; proje bittikten ve resimler haz\u0131r olduktan sonra, a\u015fa\u011f\u0131daki linkten talepte bulunun.<\/p>\n\t\t\t\t\t\t<\/div>\n\t\t\t\t<\/div>\n\t\t\t\t<div class=\"elementor-element elementor-element-d758e19 elementor-align-center elementor-icon-list--layout-traditional elementor-list-item-link-full_width elementor-widget elementor-widget-icon-list\" data-id=\"d758e19\" data-element_type=\"widget\" data-widget_type=\"icon-list.default\">\n\t\t\t\t<div class=\"elementor-widget-container\">\n\t\t\t<link rel=\"stylesheet\" href=\"https:\/\/nanobond.ir\/wp-content\/plugins\/elementor\/assets\/css\/widget-icon-list-rtl.min.css\">\t\t<ul class=\"elementor-icon-list-items\">\n\t\t\t\t\t\t\t<li class=\"elementor-icon-list-item\">\n\t\t\t\t\t\t\t\t\t\t\t<a href=\"https:\/\/nanobond-co.com\/guarantee\/\">\n\n\t\t\t\t\t\t\t\t\t\t\t\t<span class=\"elementor-icon-list-icon\">\n\t\t\t\t\t\t\t<i aria-hidden=\"true\" class=\"fas fa-link\"><\/i>\t\t\t\t\t\t<\/span>\n\t\t\t\t\t\t\t\t\t\t<span class=\"elementor-icon-list-text\">nanobond-co.com\/guarantee<\/span>\n\t\t\t\t\t\t\t\t\t\t\t<\/a>\n\t\t\t\t\t\t\t\t\t<\/li>\n\t\t\t\t\t\t<\/ul>\n\t\t\t\t<\/div>\n\t\t\t\t<\/div>\n\t\t\t\t\t<\/div>\n\t\t<\/div>\n\t\t\t\t\t\t\t<\/div>\n\t\t<\/section>\n\t\t\t\t\t\t\t<\/div>\n\t\t","protected":false},"excerpt":{"rendered":"<p>Nanobond \u00fcr\u00fcn garantisi Bina cephesi ile ilgili levhalar 15 y\u0131l Nanobond firmas\u0131na, art\u0131 10 y\u0131l \u0130ran sigortas\u0131na, ayr\u0131ca Nanobond firmas\u0131na ait ekonomi levhalar\u0131 10 y\u0131l, tabela levhalar\u0131 (d\u00fckkan) 5- y\u0131l garantilidir. y\u0131l garanti &#8211; garantinin verilebilmesi i\u00e7in, levhan\u0131n koruyucu etiketini \u00e7\u0131karmadan \u00f6nce proje g\u00f6r\u00fcnt\u00fclerini g\u00f6ndermenin ve levhan\u0131n koruyucu etiketini \u00e7\u0131kard\u0131ktan sonra resimlerin gerekli oldu\u011funa dikkat [&hellip;]<\/p>\n","protected":false},"author":1,"featured_media":0,"parent":0,"menu_order":0,"comment_status":"closed","ping_status":"closed","template":"","meta":{"footnotes":""},"class_list":["post-3360","page","type-page","status-publish","hentry"],"_links":{"self":[{"href":"https:\/\/nanobond.ir\/tr\/wp-json\/wp\/v2\/pages\/3360","targetHints":{"allow":["GET"]}}],"collection":[{"href":"https:\/\/nanobond.ir\/tr\/wp-json\/wp\/v2\/pages"}],"about":[{"href":"https:\/\/nanobond.ir\/tr\/wp-json\/wp\/v2\/types\/page"}],"author":[{"embeddable":true,"href":"https:\/\/nanobond.ir\/tr\/wp-json\/wp\/v2\/users\/1"}],"replies":[{"embeddable":true,"href":"https:\/\/nanobond.ir\/tr\/wp-json\/wp\/v2\/comments?post=3360"}],"version-history":[{"count":2,"href":"https:\/\/nanobond.ir\/tr\/wp-json\/wp\/v2\/pages\/3360\/revisions"}],"predecessor-version":[{"id":4031,"href":"https:\/\/nanobond.ir\/tr\/wp-json\/wp\/v2\/pages\/3360\/revisions\/4031"}],"wp:attachment":[{"href":"https:\/\/nanobond.ir\/tr\/wp-json\/wp\/v2\/media?parent=3360"}],"curies":[{"name":"wp","href":"https:\/\/api.w.org\/{rel}","templated":true}]}}