{"id":3179,"date":"2022-09-23T23:58:16","date_gmt":"2022-09-23T23:58:16","guid":{"rendered":"https:\/\/nanobond.ir\/hakkimizda\/"},"modified":"2023-02-18T00:18:01","modified_gmt":"2023-02-18T01:18:01","slug":"hakkimizda","status":"publish","type":"page","link":"https:\/\/nanobond.ir\/tr\/hakkimizda\/","title":{"rendered":"Hakk\u0131m\u0131zda"},"content":{"rendered":"\t\t<div data-elementor-type=\"wp-page\" data-elementor-id=\"3179\" class=\"elementor elementor-3179 elementor-194\">\n\t\t\t\t\t\t\t\t\t<section class=\"elementor-section elementor-top-section elementor-element elementor-element-f842081 elementor-section-boxed elementor-section-height-default elementor-section-height-default\" data-id=\"f842081\" data-element_type=\"section\">\n\t\t\t\t\t\t<div class=\"elementor-container elementor-column-gap-default\">\n\t\t\t\t\t<div class=\"elementor-column elementor-col-100 elementor-top-column elementor-element elementor-element-23587750\" data-id=\"23587750\" data-element_type=\"column\">\n\t\t\t<div class=\"elementor-widget-wrap elementor-element-populated\">\n\t\t\t\t\t\t\t\t<section class=\"elementor-section elementor-inner-section elementor-element elementor-element-2f35b56c elementor-section-boxed elementor-section-height-default elementor-section-height-default\" data-id=\"2f35b56c\" data-element_type=\"section\">\n\t\t\t\t\t\t<div class=\"elementor-container elementor-column-gap-wider\">\n\t\t\t\t\t<div class=\"elementor-column elementor-col-50 elementor-inner-column elementor-element elementor-element-2b3a8b7e\" data-id=\"2b3a8b7e\" data-element_type=\"column\">\n\t\t\t<div class=\"elementor-widget-wrap elementor-element-populated\">\n\t\t\t\t\t\t\t\t<div class=\"elementor-element elementor-element-5fd0e8da elementor-widget elementor-widget-heading\" data-id=\"5fd0e8da\" data-element_type=\"widget\" data-widget_type=\"heading.default\">\n\t\t\t\t<div class=\"elementor-widget-container\">\n\t\t\t<style>\/*! elementor - v3.12.1 - 02-04-2023 *\/\n.elementor-heading-title{padding:0;margin:0;line-height:1}.elementor-widget-heading .elementor-heading-title[class*=elementor-size-]>a{color:inherit;font-size:inherit;line-height:inherit}.elementor-widget-heading .elementor-heading-title.elementor-size-small{font-size:15px}.elementor-widget-heading .elementor-heading-title.elementor-size-medium{font-size:19px}.elementor-widget-heading .elementor-heading-title.elementor-size-large{font-size:29px}.elementor-widget-heading .elementor-heading-title.elementor-size-xl{font-size:39px}.elementor-widget-heading .elementor-heading-title.elementor-size-xxl{font-size:59px}<\/style><h1 class=\"elementor-heading-title elementor-size-default\">Nanobond Hakk\u0131nda<\/h1>\t\t<\/div>\n\t\t\t\t<\/div>\n\t\t\t\t<div class=\"elementor-element elementor-element-1370fed7 elementor-widget elementor-widget-image\" data-id=\"1370fed7\" data-element_type=\"widget\" data-widget_type=\"image.default\">\n\t\t\t\t<div class=\"elementor-widget-container\">\n\t\t\t<style>\/*! elementor - v3.12.1 - 02-04-2023 *\/\n.elementor-widget-image{text-align:center}.elementor-widget-image a{display:inline-block}.elementor-widget-image a img[src$=\".svg\"]{width:48px}.elementor-widget-image img{vertical-align:middle;display:inline-block}<\/style>\t\t\t\t\t\t\t\t\t\t\t\t<img loading=\"lazy\" decoding=\"async\" width=\"600\" height=\"400\" src=\"https:\/\/nanobond.ir\/wp-content\/uploads\/2022\/10\/21.jpg\" class=\"attachment-large size-large wp-image-636\" alt=\"\" srcset=\"https:\/\/nanobond.ir\/wp-content\/uploads\/2022\/10\/21.jpg 600w, https:\/\/nanobond.ir\/wp-content\/uploads\/2022\/10\/21-300x200.jpg 300w\" sizes=\"auto, (max-width: 600px) 100vw, 600px\" \/>\t\t\t\t\t\t\t\t\t\t\t\t\t\t\t<\/div>\n\t\t\t\t<\/div>\n\t\t\t\t\t<\/div>\n\t\t<\/div>\n\t\t\t\t<div class=\"elementor-column elementor-col-50 elementor-inner-column elementor-element elementor-element-58fa5a12\" data-id=\"58fa5a12\" data-element_type=\"column\">\n\t\t\t<div class=\"elementor-widget-wrap elementor-element-populated\">\n\t\t\t\t\t\t\t\t<div class=\"elementor-element elementor-element-41d63fc5 elementor-widget-divider--view-line elementor-widget elementor-widget-divider\" data-id=\"41d63fc5\" data-element_type=\"widget\" data-widget_type=\"divider.default\">\n\t\t\t\t<div class=\"elementor-widget-container\">\n\t\t\t<style>\/*! elementor - v3.12.1 - 02-04-2023 *\/\n.elementor-widget-divider{--divider-border-style:none;--divider-border-width:1px;--divider-color:#0c0d0e;--divider-icon-size:20px;--divider-element-spacing:10px;--divider-pattern-height:24px;--divider-pattern-size:20px;--divider-pattern-url:none;--divider-pattern-repeat:repeat-x}.elementor-widget-divider .elementor-divider{display:flex}.elementor-widget-divider .elementor-divider__text{font-size:15px;line-height:1;max-width:95%}.elementor-widget-divider .elementor-divider__element{margin:0 var(--divider-element-spacing);flex-shrink:0}.elementor-widget-divider .elementor-icon{font-size:var(--divider-icon-size)}.elementor-widget-divider .elementor-divider-separator{display:flex;margin:0;direction:ltr}.elementor-widget-divider--view-line_icon .elementor-divider-separator,.elementor-widget-divider--view-line_text .elementor-divider-separator{align-items:center}.elementor-widget-divider--view-line_icon .elementor-divider-separator:after,.elementor-widget-divider--view-line_icon .elementor-divider-separator:before,.elementor-widget-divider--view-line_text .elementor-divider-separator:after,.elementor-widget-divider--view-line_text .elementor-divider-separator:before{display:block;content:\"\";border-bottom:0;flex-grow:1;border-top:var(--divider-border-width) var(--divider-border-style) var(--divider-color)}.elementor-widget-divider--element-align-left .elementor-divider .elementor-divider-separator>.elementor-divider__svg:first-of-type{flex-grow:0;flex-shrink:100}.elementor-widget-divider--element-align-left .elementor-divider-separator:before{content:none}.elementor-widget-divider--element-align-left .elementor-divider__element{margin-left:0}.elementor-widget-divider--element-align-right .elementor-divider .elementor-divider-separator>.elementor-divider__svg:last-of-type{flex-grow:0;flex-shrink:100}.elementor-widget-divider--element-align-right .elementor-divider-separator:after{content:none}.elementor-widget-divider--element-align-right .elementor-divider__element{margin-right:0}.elementor-widget-divider:not(.elementor-widget-divider--view-line_text):not(.elementor-widget-divider--view-line_icon) .elementor-divider-separator{border-top:var(--divider-border-width) var(--divider-border-style) var(--divider-color)}.elementor-widget-divider--separator-type-pattern{--divider-border-style:none}.elementor-widget-divider--separator-type-pattern.elementor-widget-divider--view-line .elementor-divider-separator,.elementor-widget-divider--separator-type-pattern:not(.elementor-widget-divider--view-line) .elementor-divider-separator:after,.elementor-widget-divider--separator-type-pattern:not(.elementor-widget-divider--view-line) .elementor-divider-separator:before,.elementor-widget-divider--separator-type-pattern:not([class*=elementor-widget-divider--view]) .elementor-divider-separator{width:100%;min-height:var(--divider-pattern-height);-webkit-mask-size:var(--divider-pattern-size) 100%;mask-size:var(--divider-pattern-size) 100%;-webkit-mask-repeat:var(--divider-pattern-repeat);mask-repeat:var(--divider-pattern-repeat);background-color:var(--divider-color);-webkit-mask-image:var(--divider-pattern-url);mask-image:var(--divider-pattern-url)}.elementor-widget-divider--no-spacing{--divider-pattern-size:auto}.elementor-widget-divider--bg-round{--divider-pattern-repeat:round}.rtl .elementor-widget-divider .elementor-divider__text{direction:rtl}.e-con-inner>.elementor-widget-divider,.e-con>.elementor-widget-divider{width:var(--container-widget-width,100%);--flex-grow:var(--container-widget-flex-grow)}<\/style>\t\t<div class=\"elementor-divider\">\n\t\t\t<span class=\"elementor-divider-separator\">\n\t\t\t\t\t\t<\/span>\n\t\t<\/div>\n\t\t\t\t<\/div>\n\t\t\t\t<\/div>\n\t\t\t\t<div class=\"elementor-element elementor-element-40502c53 elementor-widget elementor-widget-text-editor\" data-id=\"40502c53\" data-element_type=\"widget\" data-widget_type=\"text-editor.default\">\n\t\t\t\t<div class=\"elementor-widget-container\">\n\t\t\t<style>\/*! elementor - v3.12.1 - 02-04-2023 *\/\n.elementor-widget-text-editor.elementor-drop-cap-view-stacked .elementor-drop-cap{background-color:#69727d;color:#fff}.elementor-widget-text-editor.elementor-drop-cap-view-framed .elementor-drop-cap{color:#69727d;border:3px solid;background-color:transparent}.elementor-widget-text-editor:not(.elementor-drop-cap-view-default) .elementor-drop-cap{margin-top:8px}.elementor-widget-text-editor:not(.elementor-drop-cap-view-default) .elementor-drop-cap-letter{width:1em;height:1em}.elementor-widget-text-editor .elementor-drop-cap{float:right;text-align:center;line-height:1;font-size:50px}.elementor-widget-text-editor .elementor-drop-cap-letter{display:inline-block}<\/style>\t\t\t\t<p>Nanobond Industrial Group 2011 y\u0131l\u0131ndan itibaren faaliyetine ba\u015flam\u0131\u015f olup, ilk olarak Amerika lisans\u0131 alt\u0131nda BAE ve Sharjah \u015fehrinde Nanobond kompozit al\u00fcminyum levha \u00fcretip ithal ettik, Nanobond markas\u0131 alt\u0131ndaki t\u00fcm al\u00fcminyum kompozit rulolar \u00c7in&#8217;de \u00fcretilip BAE&#8217;ye ithal edildi. bizim \u00fccretimizle sipari\u015f verilebildi ve bu b\u00f6yle devam etti.Bir s\u00fcre sonra sipari\u015flerin \u00c7in&#8217;den ithal edilmesi gerekti\u011fine ve ruloyu BAE&#8217;ye ithal edip sonra \u00fcretip \u0130ran&#8217;a yeniden ithal etmeye gerek olmad\u0131\u011f\u0131na karar verdik. Bu nedenle levhay\u0131 \u00c7in&#8217;den ithal etmeye karar verdik ve birka\u00e7 y\u0131l bu \u015fekilde devam ettik. <br \/>2015 y\u0131l\u0131nda \u00c7in&#8217;den \u0130ran&#8217;a al\u00fcminyum kompozit levha \u00fcretim hatt\u0131n\u0131 ithal ettik ve \u0130ran&#8217;\u0131n sevgili \u00fclkesinde Nanobond kompozit al\u00fcminyum levha \u00fcretimine ba\u015flad\u0131k, tabii ki hala sac \u00fczerindeki ruloyu birinci s\u0131n\u0131f ve \u00f6nde gelen \u00c7in markalar\u0131ndan ithal ediyoruz. .<br \/>\u015eu ana kadar Irak, Afganistan, Pakistan, Bak\u00fc, T\u00fcrkiye, T\u00fcrkmenistan, Tacikistan ve Ermenistan&#8217;a ihracat yapt\u0131k.<\/p>\n\t\t\t\t\t\t<\/div>\n\t\t\t\t<\/div>\n\t\t\t\t\t<\/div>\n\t\t<\/div>\n\t\t\t\t\t\t\t<\/div>\n\t\t<\/section>\n\t\t\t\t<section class=\"elementor-section elementor-inner-section elementor-element elementor-element-2f9b8ac1 elementor-reverse-tablet elementor-section-boxed elementor-section-height-default elementor-section-height-default\" data-id=\"2f9b8ac1\" data-element_type=\"section\">\n\t\t\t\t\t\t<div class=\"elementor-container elementor-column-gap-wider\">\n\t\t\t\t\t<div class=\"elementor-column elementor-col-33 elementor-inner-column elementor-element elementor-element-556037b3\" data-id=\"556037b3\" data-element_type=\"column\">\n\t\t\t<div class=\"elementor-widget-wrap elementor-element-populated\">\n\t\t\t\t\t\t\t\t<div class=\"elementor-element elementor-element-7ba37dc3 bdt-global-link-yes bdt-icon-type-icon elementor-position-top bdt-icon-effect-none elementor-widget elementor-widget-bdt-advanced-icon-box\" data-id=\"7ba37dc3\" data-element_type=\"widget\" data-widget_type=\"bdt-advanced-icon-box.default\">\n\t\t\t\t<div class=\"elementor-widget-container\">\n\t\t\t\t\t<div class=\"bdt-ep-advanced-icon-box\">\n\n\t\t\t\t\t\t\t\n\t\t\t\t\t\t\t<div class=\"bdt-ep-advanced-icon-box-icon\">\n\t\t\t\t\t<span class=\"bdt-ep-advanced-icon-box-icon-wrap\">\n\n\n\t\t\t\t\t\t\n\t\t\t\t\t\t\t<i aria-hidden=\"true\" class=\"fas fa-headset\"><\/i>\n\n\t\t\t\t\t\t\t\t\t\t\t<\/span>\n\t\t\t\t<\/div>\n\t\t\t\n\t\t\t\t\t\n\t\t\t<div class=\"bdt-ep-advanced-icon-box-content\">\n\n\t\t\t\t\t\t\t\t\t\n\t\t\t\t<h3 class=\"bdt-ep-advanced-icon-box-title\">\n\t\t\t\t<span >\n\t\t\t\t\tBize Ula\u015f\u0131n\t\t\t\t<\/span>\n\t\t\t<\/h3>\n\t\t\n\n\t\t\n\t\t\t\t\t\t\n\t\t\t\t\n\t\t\t\t\t\t\t\t\t<div class=\"bdt-ep-advanced-icon-box-description\">\n\t\t\t\t\t\t<p>\u0130leti\u015fim y\u00f6ntemlerini g\u00f6r\u00fcnt\u00fclemek i\u00e7in a\u015fa\u011f\u0131daki d\u00fc\u011fmeyi t\u0131klay\u0131n.<\/p>\t\t\t\t\t<\/div>\n\t\t\t\t\n\t\t\t\t\t\t\t\t\t<a class=\"bdt-ep-advanced-icon-box-readmore bdt-display-inline-block\" href=\"https:\/\/nanobond.ir\/tr\/bize-ulasin\/\">\n\t\t\t\t\t\tg\u00f6r\u00fc\u015f\n\t\t\t\t\t\t\t\t\t\t\t<\/a>\n\t\t\t\t\t\t\t<\/div>\n\t\t<\/div>\n\n\t\t\n\t\t\n\t\t\t\t<\/div>\n\t\t\t\t<\/div>\n\t\t\t\t\t<\/div>\n\t\t<\/div>\n\t\t\t\t<div class=\"elementor-column elementor-col-33 elementor-inner-column elementor-element elementor-element-e8277a8\" data-id=\"e8277a8\" data-element_type=\"column\">\n\t\t\t<div class=\"elementor-widget-wrap elementor-element-populated\">\n\t\t\t\t\t\t\t\t<div class=\"elementor-element elementor-element-891b1b8 bdt-global-link-yes bdt-icon-type-icon elementor-position-top bdt-icon-effect-none elementor-widget elementor-widget-bdt-advanced-icon-box\" data-id=\"891b1b8\" data-element_type=\"widget\" data-widget_type=\"bdt-advanced-icon-box.default\">\n\t\t\t\t<div class=\"elementor-widget-container\">\n\t\t\t\t\t<div class=\"bdt-ep-advanced-icon-box\">\n\n\t\t\t\t\t\t\t\n\t\t\t\t\t\t\t<div class=\"bdt-ep-advanced-icon-box-icon\">\n\t\t\t\t\t<span class=\"bdt-ep-advanced-icon-box-icon-wrap\">\n\n\n\t\t\t\t\t\t\n\t\t\t\t\t\t\t<i aria-hidden=\"true\" class=\"far fa-eye\"><\/i>\n\n\t\t\t\t\t\t\t\t\t\t\t<\/span>\n\t\t\t\t<\/div>\n\t\t\t\n\t\t\t\t\t\n\t\t\t<div class=\"bdt-ep-advanced-icon-box-content\">\n\n\t\t\t\t\t\t\t\t\t\n\t\t\t\t<h3 class=\"bdt-ep-advanced-icon-box-title\">\n\t\t\t\t<span >\n\t\t\t\t\tg\u00f6r\u00fc\u015f\t\t\t\t<\/span>\n\t\t\t<\/h3>\n\t\t\n\n\t\t\n\t\t\t\t\t\t\n\t\t\t\t\n\t\t\t\t\t\t\t\t\t<div class=\"bdt-ep-advanced-icon-box-description\">\n\t\t\t\t\t\t<p>\u00dclkede \u00f6rnek bir \u015firket olmay\u0131 hedefliyoruz ve&#8230;<\/p>\t\t\t\t\t<\/div>\n\t\t\t\t\n\t\t\t\t\t\t\t\t\t<a class=\"bdt-ep-advanced-icon-box-readmore bdt-display-inline-block\" href=\"https:\/\/nanobond.ir\/tr\/vision\/\">\n\t\t\t\t\t\tg\u00f6r\u00fc\u015f\n\t\t\t\t\t\t\t\t\t\t\t<\/a>\n\t\t\t\t\t\t\t<\/div>\n\t\t<\/div>\n\n\t\t\n\t\t\n\t\t\t\t<\/div>\n\t\t\t\t<\/div>\n\t\t\t\t\t<\/div>\n\t\t<\/div>\n\t\t\t\t<div class=\"elementor-column elementor-col-33 elementor-inner-column elementor-element elementor-element-6f8cb4ec\" data-id=\"6f8cb4ec\" data-element_type=\"column\">\n\t\t\t<div class=\"elementor-widget-wrap elementor-element-populated\">\n\t\t\t\t\t\t\t\t<div class=\"elementor-element elementor-element-1f8aab5f elementor-widget elementor-widget-image\" data-id=\"1f8aab5f\" data-element_type=\"widget\" data-widget_type=\"image.default\">\n\t\t\t\t<div class=\"elementor-widget-container\">\n\t\t\t\t\t\t\t\t\t\t\t\t\t\t\t<img loading=\"lazy\" decoding=\"async\" width=\"600\" height=\"400\" src=\"https:\/\/nanobond.ir\/wp-content\/uploads\/2022\/10\/Company_signage_logo_mockup.jpg\" class=\"attachment-large size-large wp-image-634\" alt=\"\" srcset=\"https:\/\/nanobond.ir\/wp-content\/uploads\/2022\/10\/Company_signage_logo_mockup.jpg 600w, https:\/\/nanobond.ir\/wp-content\/uploads\/2022\/10\/Company_signage_logo_mockup-300x200.jpg 300w\" sizes=\"auto, (max-width: 600px) 100vw, 600px\" \/>\t\t\t\t\t\t\t\t\t\t\t\t\t\t\t<\/div>\n\t\t\t\t<\/div>\n\t\t\t\t\t<\/div>\n\t\t<\/div>\n\t\t\t\t\t\t\t<\/div>\n\t\t<\/section>\n\t\t\t\t\t<\/div>\n\t\t<\/div>\n\t\t\t\t\t\t\t<\/div>\n\t\t<\/section>\n\t\t\t\t<section class=\"elementor-section elementor-top-section elementor-element elementor-element-fccf275 elementor-section-boxed elementor-section-height-default elementor-section-height-default\" data-id=\"fccf275\" data-element_type=\"section\" data-settings=\"{&quot;background_background&quot;:&quot;classic&quot;,&quot;shape_divider_top&quot;:&quot;pyramids&quot;}\">\n\t\t\t\t\t<div class=\"elementor-shape elementor-shape-top\" data-negative=\"false\">\n\t\t\t<svg xmlns=\"http:\/\/www.w3.org\/2000\/svg\" viewBox=\"0 0 1000 100\" preserveAspectRatio=\"none\">\n\t<path class=\"elementor-shape-fill\" d=\"M761.9,44.1L643.1,27.2L333.8,98L0,3.8V0l1000,0v3.9\"\/>\n<\/svg>\t\t<\/div>\n\t\t\t\t\t<div class=\"elementor-container elementor-column-gap-default\">\n\t\t\t\t\t<div class=\"elementor-column elementor-col-100 elementor-top-column elementor-element elementor-element-b6e839a\" data-id=\"b6e839a\" data-element_type=\"column\">\n\t\t\t<div class=\"elementor-widget-wrap elementor-element-populated\">\n\t\t\t\t\t\t\t\t<div class=\"elementor-element elementor-element-bb881d9 elementor-widget elementor-widget-heading\" data-id=\"bb881d9\" data-element_type=\"widget\" data-widget_type=\"heading.default\">\n\t\t\t\t<div class=\"elementor-widget-container\">\n\t\t\t<h1 class=\"elementor-heading-title elementor-size-default\">\u015eirketin hizmetlerini tan\u0131tmak<\/h1>\t\t<\/div>\n\t\t\t\t<\/div>\n\t\t\t\t<div class=\"elementor-element elementor-element-f3b3c5a elementor-widget elementor-widget-video\" data-id=\"f3b3c5a\" data-element_type=\"widget\" data-settings=\"{&quot;video_type&quot;:&quot;hosted&quot;,&quot;controls&quot;:&quot;yes&quot;}\" data-widget_type=\"video.default\">\n\t\t\t\t<div class=\"elementor-widget-container\">\n\t\t\t<style>\/*! elementor - v3.12.1 - 02-04-2023 *\/\n.elementor-widget-video .elementor-widget-container{overflow:hidden;transform:translateZ(0)}.elementor-widget-video .elementor-wrapper iframe,.elementor-widget-video .elementor-wrapper video{height:100%;width:100%;display:flex;border:none;background-color:#000}.elementor-widget-video .elementor-open-inline .elementor-custom-embed-image-overlay{position:absolute;top:0;left:0;width:100%;height:100%;background-size:cover;background-position:50%}.elementor-widget-video .elementor-custom-embed-image-overlay{cursor:pointer;text-align:center}.elementor-widget-video .elementor-custom-embed-image-overlay:hover .elementor-custom-embed-play i{opacity:1}.elementor-widget-video .elementor-custom-embed-image-overlay img{display:block;width:100%}.elementor-widget-video .e-hosted-video .elementor-video{-o-object-fit:cover;object-fit:cover}.e-con-inner>.elementor-widget-video,.e-con>.elementor-widget-video{width:var(--container-widget-width);--flex-grow:var(--container-widget-flex-grow)}<\/style>\t\t<div class=\"e-hosted-video elementor-wrapper elementor-open-inline\">\n\t\t\t\t\t<video class=\"elementor-video\" src=\"https:\/\/nanobond.ir\/wp-content\/uploads\/2022\/10\/000.mp4\" controls=\"\" preload=\"metadata\" controlsList=\"nodownload\"><\/video>\n\t\t\t\t<\/div>\n\t\t\t\t<\/div>\n\t\t\t\t<\/div>\n\t\t\t\t\t<\/div>\n\t\t<\/div>\n\t\t\t\t\t\t\t<\/div>\n\t\t<\/section>\n\t\t\t\t<section class=\"elementor-section elementor-top-section elementor-element elementor-element-9b9ddfe elementor-section-boxed elementor-section-height-default elementor-section-height-default\" data-id=\"9b9ddfe\" data-element_type=\"section\" data-settings=\"{&quot;background_background&quot;:&quot;classic&quot;}\">\n\t\t\t\t\t\t\t<div class=\"elementor-background-overlay\"><\/div>\n\t\t\t\t\t\t\t<div class=\"elementor-container elementor-column-gap-default\">\n\t\t\t\t\t<div class=\"elementor-column elementor-col-100 elementor-top-column elementor-element elementor-element-bd24440\" data-id=\"bd24440\" data-element_type=\"column\">\n\t\t\t<div class=\"elementor-widget-wrap elementor-element-populated\">\n\t\t\t\t\t\t\t\t<div class=\"elementor-element elementor-element-f161f3a elementor-widget elementor-widget-heading\" data-id=\"f161f3a\" data-element_type=\"widget\" data-widget_type=\"heading.default\">\n\t\t\t\t<div class=\"elementor-widget-container\">\n\t\t\t<h2 class=\"elementor-heading-title elementor-size-default\">\u015eirket sertifikalar\u0131<\/h2>\t\t<\/div>\n\t\t\t\t<\/div>\n\t\t\t\t<div class=\"elementor-element elementor-element-a38c03d bdt-navigation-type-dots elementor-widget elementor-widget-bdt-logo-carousel\" data-id=\"a38c03d\" data-element_type=\"widget\" data-widget_type=\"bdt-logo-carousel.default\">\n\t\t\t\t<div class=\"elementor-widget-container\">\n\t\t\t\t\t<div class=\"  bdt-dots-align-bottom-center\" data-bdt-slider=\"{&quot;autoplay&quot;:true,&quot;autoplay-interval&quot;:6500,&quot;pause-on-hover&quot;:true}\">\n\t\t\t<div id=\"bdt-logo-carousel-a38c03d\" class=\"bdt-logo-carousel-wrapper bdt-grid bdt-grid-small bdt-slider-items bdt-child-width-1-1 bdt-child-width-1-3@s bdt-child-width-1-3@m\" data-bdt-grid=\"\">\n\t\t\n                    <div class=\"bdt-logo-carousel-item bdt-tippy-tooltip\" data-tippy-content=\"&lt;div&gt;&lt;strong&gt;CE&lt;\/strong&gt;&lt;\/div&gt;Bir \u00fcr\u00fcn \u00fczerindeki CE i\u015fareti, \u00fcr\u00fcn\u00fcn Avrupa sa\u011fl\u0131k, g\u00fcvenlik ve \u00e7evre koruma mevzuat\u0131n\u0131n temel gerekliliklerine uygun oldu\u011funu g\u00f6sterir.\" data-tippy=\"\" data-tippy-placement=\"top\" data-tippy-animation=\"shift-toward\" data-tippy-arrow=\"true\">\n                <figure class=\"bdt-logo-carousel-figure\">\n                <img loading=\"lazy\" decoding=\"async\" width=\"300\" height=\"300\" src=\"https:\/\/nanobond.ir\/wp-content\/uploads\/2022\/09\/ce.png\" class=\"bdt-logo-carousel-img bdt-image-mask elementor-animation-float\" alt=\"CE : Bir \u00fcr\u00fcn \u00fczerindeki CE i\u015fareti, \u00fcr\u00fcn\u00fcn Avrupa sa\u011fl\u0131k, g\u00fcvenlik ve \u00e7evre koruma mevzuat\u0131n\u0131n temel gerekliliklerine uygun oldu\u011funu g\u00f6sterir.\" srcset=\"https:\/\/nanobond.ir\/wp-content\/uploads\/2022\/09\/ce.png 300w, https:\/\/nanobond.ir\/wp-content\/uploads\/2022\/09\/ce-100x100.png 100w, https:\/\/nanobond.ir\/wp-content\/uploads\/2022\/09\/ce-150x150.png 150w\" sizes=\"auto, (max-width: 300px) 100vw, 300px\" \/>\n                <\/figure>\n            <\/div>\n                    <div class=\"bdt-logo-carousel-item bdt-tippy-tooltip\" data-tippy-content=\"&lt;div&gt;&lt;strong&gt;ISO 9001&lt;\/strong&gt;&lt;\/div&gt;ISO 9001 bir kalite y\u00f6netim sistemi standard\u0131d\u0131r. Bu standard\u0131 uygulayan ve uygulayan kurulu\u015f, tutarl\u0131 kaliteye sahip bir \u00fcr\u00fcn \u00fcretmeyi taahh\u00fct etmelidir.\" data-tippy=\"\" data-tippy-placement=\"top\" data-tippy-animation=\"shift-toward\" data-tippy-arrow=\"true\">\n                <figure class=\"bdt-logo-carousel-figure\">\n                <img loading=\"lazy\" decoding=\"async\" width=\"300\" height=\"300\" src=\"https:\/\/nanobond.ir\/wp-content\/uploads\/2022\/09\/iso-9001.png\" class=\"bdt-logo-carousel-img bdt-image-mask elementor-animation-float\" alt=\"ISO 9001 : ISO 9001 bir kalite y\u00f6netim sistemi standard\u0131d\u0131r. Bu standard\u0131 uygulayan ve uygulayan kurulu\u015f, tutarl\u0131 kaliteye sahip bir \u00fcr\u00fcn \u00fcretmeyi taahh\u00fct etmelidir.\" srcset=\"https:\/\/nanobond.ir\/wp-content\/uploads\/2022\/09\/iso-9001.png 300w, https:\/\/nanobond.ir\/wp-content\/uploads\/2022\/09\/iso-9001-100x100.png 100w, https:\/\/nanobond.ir\/wp-content\/uploads\/2022\/09\/iso-9001-150x150.png 150w\" sizes=\"auto, (max-width: 300px) 100vw, 300px\" \/>\n                <\/figure>\n            <\/div>\n                    <div class=\"bdt-logo-carousel-item bdt-tippy-tooltip\" data-tippy-content=\"&lt;div&gt;&lt;strong&gt;ISO 10004&lt;\/strong&gt;&lt;\/div&gt;ISO 10004, kurulu\u015flar\u0131n ve \u015firketlerin hizmet ve \u00fcr\u00fcnlerinden m\u00fc\u015fteri memnuniyetini sa\u011flamaya y\u00f6nelik uluslararas\u0131 bir standartt\u0131r.\" data-tippy=\"\" data-tippy-placement=\"top\" data-tippy-animation=\"shift-toward\" data-tippy-arrow=\"true\">\n                <figure class=\"bdt-logo-carousel-figure\">\n                <img loading=\"lazy\" decoding=\"async\" width=\"300\" height=\"300\" src=\"https:\/\/nanobond.ir\/wp-content\/uploads\/2022\/09\/iso10004.png\" class=\"bdt-logo-carousel-img bdt-image-mask elementor-animation-float\" alt=\"ISO 10004 : ISO 10004, kurulu\u015flar\u0131n ve \u015firketlerin hizmet ve \u00fcr\u00fcnlerinden m\u00fc\u015fteri memnuniyetini sa\u011flamaya y\u00f6nelik uluslararas\u0131 bir standartt\u0131r.\" srcset=\"https:\/\/nanobond.ir\/wp-content\/uploads\/2022\/09\/iso10004.png 300w, https:\/\/nanobond.ir\/wp-content\/uploads\/2022\/09\/iso10004-100x100.png 100w, https:\/\/nanobond.ir\/wp-content\/uploads\/2022\/09\/iso10004-150x150.png 150w\" sizes=\"auto, (max-width: 300px) 100vw, 300px\" \/>\n                <\/figure>\n            <\/div>\n        \n        \t\t<\/div>\n\t\t\t\t\t\t\t<div class=\"bdt-position-z-index bdt-visible@m bdt-position-bottom-center\">\n\t\t\t<div class=\"bdt-dotnav-wrapper bdt-dots-container\">\n\t\t\t\t<ul class=\"bdt-dotnav bdt-flex-center\">\n\n\t\t\t\t    <li class=\"bdt-slider-dotnav bdt-active\" data-bdt-slider-item=\"0\"><a href=\"#\"><\/a><\/li><li class=\"bdt-slider-dotnav bdt-active\" data-bdt-slider-item=\"1\"><a href=\"#\"><\/a><\/li><li class=\"bdt-slider-dotnav bdt-active\" data-bdt-slider-item=\"2\"><a href=\"#\"><\/a><\/li>\n\t\t\t\t<\/ul>\n\t\t\t<\/div>\n\t\t<\/div>\n\t\t\t\t\t<\/div>\n\t\t\t<\/div>\n\t\t\t\t<\/div>\n\t\t\t\t\t<\/div>\n\t\t<\/div>\n\t\t\t\t\t\t\t<\/div>\n\t\t<\/section>\n\t\t\t\t<section class=\"elementor-section elementor-top-section elementor-element elementor-element-ffa9005 elementor-section-boxed elementor-section-height-default elementor-section-height-default\" data-id=\"ffa9005\" data-element_type=\"section\">\n\t\t\t\t\t\t<div class=\"elementor-container elementor-column-gap-default\">\n\t\t\t\t\t<div class=\"elementor-column elementor-col-100 elementor-top-column elementor-element elementor-element-41472c7\" data-id=\"41472c7\" data-element_type=\"column\">\n\t\t\t<div class=\"elementor-widget-wrap\">\n\t\t\t\t\t\t\t\t\t<\/div>\n\t\t<\/div>\n\t\t\t\t\t\t\t<\/div>\n\t\t<\/section>\n\t\t\t\t\t\t\t<\/div>\n\t\t","protected":false},"excerpt":{"rendered":"<p>Nanobond Hakk\u0131nda Nanobond Industrial Group 2011 y\u0131l\u0131ndan itibaren faaliyetine ba\u015flam\u0131\u015f olup, ilk olarak Amerika lisans\u0131 alt\u0131nda BAE ve Sharjah \u015fehrinde Nanobond kompozit al\u00fcminyum levha \u00fcretip ithal ettik, Nanobond markas\u0131 alt\u0131ndaki t\u00fcm al\u00fcminyum kompozit rulolar \u00c7in&#8217;de \u00fcretilip BAE&#8217;ye ithal edildi. bizim \u00fccretimizle sipari\u015f verilebildi ve bu b\u00f6yle devam etti.Bir s\u00fcre sonra sipari\u015flerin \u00c7in&#8217;den ithal edilmesi gerekti\u011fine [&hellip;]<\/p>\n","protected":false},"author":1,"featured_media":0,"parent":0,"menu_order":0,"comment_status":"closed","ping_status":"closed","template":"","meta":{"footnotes":""},"class_list":["post-3179","page","type-page","status-publish","hentry"],"_links":{"self":[{"href":"https:\/\/nanobond.ir\/tr\/wp-json\/wp\/v2\/pages\/3179","targetHints":{"allow":["GET"]}}],"collection":[{"href":"https:\/\/nanobond.ir\/tr\/wp-json\/wp\/v2\/pages"}],"about":[{"href":"https:\/\/nanobond.ir\/tr\/wp-json\/wp\/v2\/types\/page"}],"author":[{"embeddable":true,"href":"https:\/\/nanobond.ir\/tr\/wp-json\/wp\/v2\/users\/1"}],"replies":[{"embeddable":true,"href":"https:\/\/nanobond.ir\/tr\/wp-json\/wp\/v2\/comments?post=3179"}],"version-history":[{"count":5,"href":"https:\/\/nanobond.ir\/tr\/wp-json\/wp\/v2\/pages\/3179\/revisions"}],"predecessor-version":[{"id":4005,"href":"https:\/\/nanobond.ir\/tr\/wp-json\/wp\/v2\/pages\/3179\/revisions\/4005"}],"wp:attachment":[{"href":"https:\/\/nanobond.ir\/tr\/wp-json\/wp\/v2\/media?parent=3179"}],"curies":[{"name":"wp","href":"https:\/\/api.w.org\/{rel}","templated":true}]}}