{"id":3174,"date":"2022-10-08T08:07:34","date_gmt":"2022-10-08T08:07:34","guid":{"rendered":"https:\/\/nanobond.ir\/laboratuvar-onayi\/"},"modified":"2023-02-17T21:37:04","modified_gmt":"2023-02-17T22:37:04","slug":"laboratuvar-onayi","status":"publish","type":"page","link":"https:\/\/nanobond.ir\/tr\/laboratuvar-onayi\/","title":{"rendered":"laboratuvar onay\u0131"},"content":{"rendered":"\t\t<div data-elementor-type=\"wp-page\" data-elementor-id=\"3174\" class=\"elementor elementor-3174 elementor-731\">\n\t\t\t\t\t\t\t\t\t<section class=\"elementor-section elementor-top-section elementor-element elementor-element-fd7af4c elementor-section-boxed elementor-section-height-default elementor-section-height-default\" data-id=\"fd7af4c\" data-element_type=\"section\">\n\t\t\t\t\t\t<div class=\"elementor-container elementor-column-gap-default\">\n\t\t\t\t\t<div class=\"elementor-column elementor-col-100 elementor-top-column elementor-element elementor-element-0334279\" data-id=\"0334279\" data-element_type=\"column\">\n\t\t\t<div class=\"elementor-widget-wrap elementor-element-populated\">\n\t\t\t\t\t\t\t\t<div class=\"elementor-element elementor-element-d550f41 elementor-widget elementor-widget-heading\" data-id=\"d550f41\" data-element_type=\"widget\" data-widget_type=\"heading.default\">\n\t\t\t\t<div class=\"elementor-widget-container\">\n\t\t\t<style>\/*! elementor - v3.12.1 - 02-04-2023 *\/\n.elementor-heading-title{padding:0;margin:0;line-height:1}.elementor-widget-heading .elementor-heading-title[class*=elementor-size-]>a{color:inherit;font-size:inherit;line-height:inherit}.elementor-widget-heading .elementor-heading-title.elementor-size-small{font-size:15px}.elementor-widget-heading .elementor-heading-title.elementor-size-medium{font-size:19px}.elementor-widget-heading .elementor-heading-title.elementor-size-large{font-size:29px}.elementor-widget-heading .elementor-heading-title.elementor-size-xl{font-size:39px}.elementor-widget-heading .elementor-heading-title.elementor-size-xxl{font-size:59px}<\/style><h2 class=\"elementor-heading-title elementor-size-default\">Razi Lab Nanobond levhas\u0131n\u0131n onay\u0131<\/h2>\t\t<\/div>\n\t\t\t\t<\/div>\n\t\t\t\t<div class=\"elementor-element elementor-element-3c08b99 elementor-widget elementor-widget-text-editor\" data-id=\"3c08b99\" data-element_type=\"widget\" data-widget_type=\"text-editor.default\">\n\t\t\t\t<div class=\"elementor-widget-container\">\n\t\t\t<style>\/*! elementor - v3.12.1 - 02-04-2023 *\/\n.elementor-widget-text-editor.elementor-drop-cap-view-stacked .elementor-drop-cap{background-color:#69727d;color:#fff}.elementor-widget-text-editor.elementor-drop-cap-view-framed .elementor-drop-cap{color:#69727d;border:3px solid;background-color:transparent}.elementor-widget-text-editor:not(.elementor-drop-cap-view-default) .elementor-drop-cap{margin-top:8px}.elementor-widget-text-editor:not(.elementor-drop-cap-view-default) .elementor-drop-cap-letter{width:1em;height:1em}.elementor-widget-text-editor .elementor-drop-cap{float:right;text-align:center;line-height:1;font-size:50px}.elementor-widget-text-editor .elementor-drop-cap-letter{display:inline-block}<\/style>\t\t\t\t<p>Her onay\u0131n tam g\u00f6r\u00fcnt\u00fcs\u00fcn\u00fc g\u00f6rmek i\u00e7in \u00fczerine t\u0131klay\u0131n.<\/p>\n\t\t\t\t\t\t<\/div>\n\t\t\t\t<\/div>\n\t\t\t\t<div class=\"elementor-element elementor-element-cd79d20 skin--default skin--tablet-default skin--mobile-default elementor-widget elementor-widget-bdt-image-accordion\" data-id=\"cd79d20\" data-element_type=\"widget\" data-widget_type=\"bdt-image-accordion.default\">\n\t\t\t\t<div class=\"elementor-widget-container\">\n\t\t\t\n\t\t<div id=\"bdt-ep-image-accordion-cd79d20\" class=\"bdt-ep-image-accordion\" data-settings=\"{&quot;tabs_id&quot;:&quot;bdt-ep-image-accordion-cd79d20&quot;,&quot;mouse_event&quot;:&quot;mouseover&quot;,&quot;activeItem&quot;:true,&quot;activeItemNumber&quot;:1}\">\n\t\t\t\n\t\t\t\t\t\t\t\t\t<div class=\"bdt-ep-image-accordion-item\" style=\"background-image: url('https:\/\/nanobond.ir\/wp-content\/uploads\/2022\/10\/1-1.jpg');\">\n\t\t\t\t\t\t\t\t\t\t\t\t        <div class=\"bdt-ep-image-accordion-content\">\n\t\t\t\n\t\t\t\t\t\t\t\t\t\t\t\t<h2 class=\"bdt-ep-image-accordion-title\">\n\t\t\t\t\t\tASTM E 1252-13 standard\u0131na g\u00f6re tablet ve IR spektrumunun haz\u0131rlanmas\u0131\t\t\t\t\t<\/h2>\n\t\t\t\t\t\t\t\n\t\t\t\n\t\t\t\t\t<\/div>\n        \t\t\t\t\t<\/div>\n\t\t\t\t\n\t\t\t\n\t\t\t\t\t\t\t\t\t<div class=\"bdt-ep-image-accordion-item\" style=\"background-image: url('https:\/\/nanobond.ir\/wp-content\/uploads\/2022\/10\/2.jpg');\">\n\t\t\t\t\t\t\t\t\t\t\t\t        <div class=\"bdt-ep-image-accordion-content\">\n\t\t\t\n\t\t\t\t\t\t\t\t\t\t\t\t<h2 class=\"bdt-ep-image-accordion-title\">\n\t\t\t\t\t\tOrtam s\u0131cakl\u0131\u011f\u0131nda \u00e7ekme testi\t\t\t\t\t<\/h2>\n\t\t\t\t\t\t\t\n\t\t\t\n\t\t\t\t\t<\/div>\n        \t\t\t\t\t<\/div>\n\t\t\t\t\n\t\t\t\n\t\t\t\t\t\t\t\t\t<div class=\"bdt-ep-image-accordion-item\" style=\"background-image: url('https:\/\/nanobond.ir\/wp-content\/uploads\/2022\/10\/3.jpg');\">\n\t\t\t\t\t\t\t\t\t\t\t\t        <div class=\"bdt-ep-image-accordion-content\">\n\t\t\t\n\t\t\t\t\t\t\t\t\t\t\t\t<h2 class=\"bdt-ep-image-accordion-title\">\n\t\t\t\t\t\tOrtam s\u0131cakl\u0131\u011f\u0131nda \u00e7ekme testi\t\t\t\t\t<\/h2>\n\t\t\t\t\t\t\t\n\t\t\t\n\t\t\t\t\t<\/div>\n        \t\t\t\t\t<\/div>\n\t\t\t\t\n\t\t\t\n\t\t\t\t\t\t\t\t\t<div class=\"bdt-ep-image-accordion-item\" style=\"background-image: url('https:\/\/nanobond.ir\/wp-content\/uploads\/2022\/10\/4.jpg');\">\n\t\t\t\t\t\t\t\t\t\t\t\t        <div class=\"bdt-ep-image-accordion-content\">\n\t\t\t\n\t\t\t\t\t\t\t\t\t\t\t\t<h2 class=\"bdt-ep-image-accordion-title\">\n\t\t\t\t\t\tKaplama yap\u0131\u015fma testi (Tape Test)\t\t\t\t\t<\/h2>\n\t\t\t\t\t\t\t\n\t\t\t\n\t\t\t\t\t<\/div>\n        \t\t\t\t\t<\/div>\n\t\t\t\t\n\t\t\t\t\t<\/div>\n\t\t\t\t<\/div>\n\t\t\t\t<\/div>\n\t\t\t\t<div class=\"elementor-element elementor-element-4b08922 skin--default skin--tablet-default skin--mobile-default elementor-widget elementor-widget-bdt-image-accordion\" data-id=\"4b08922\" data-element_type=\"widget\" data-widget_type=\"bdt-image-accordion.default\">\n\t\t\t\t<div class=\"elementor-widget-container\">\n\t\t\t\n\t\t<div id=\"bdt-ep-image-accordion-4b08922\" class=\"bdt-ep-image-accordion\" data-settings=\"{&quot;tabs_id&quot;:&quot;bdt-ep-image-accordion-4b08922&quot;,&quot;mouse_event&quot;:&quot;mouseover&quot;,&quot;activeItem&quot;:true,&quot;activeItemNumber&quot;:1}\">\n\t\t\t\n\t\t\t\t\t\t\t\t\t<div class=\"bdt-ep-image-accordion-item\" style=\"background-image: url('https:\/\/nanobond.ir\/wp-content\/uploads\/2022\/10\/5.jpg');\">\n\t\t\t\t\t\t\t\t\t\t\t\t        <div class=\"bdt-ep-image-accordion-content\">\n\t\t\t\n\t\t\t\t\t\t\t\t\t\t\t\t<h2 class=\"bdt-ep-image-accordion-title\">\n\t\t\t\t\t\tAl\u00fcminyum kaplaman\u0131n polimer malzemelerden ayr\u0131lma kuvvetini belirlemek i\u00e7in test edin\t\t\t\t\t<\/h2>\n\t\t\t\t\t\t\t\n\t\t\t\n\t\t\t\t\t<\/div>\n        \t\t\t\t\t<\/div>\n\t\t\t\t\n\t\t\t\n\t\t\t\t\t\t\t\t\t<div class=\"bdt-ep-image-accordion-item\" style=\"background-image: url('https:\/\/nanobond.ir\/wp-content\/uploads\/2022\/10\/6.jpg');\">\n\t\t\t\t\t\t\t\t\t\t\t\t        <div class=\"bdt-ep-image-accordion-content\">\n\t\t\t\n\t\t\t\t\t\t\t\t\t\t\t\t<h2 class=\"bdt-ep-image-accordion-title\">\n\t\t\t\t\t\tAl\u00fcminyum kaplaman\u0131n polimer malzemelerden ayr\u0131lma kuvvetini belirlemek i\u00e7in test edin\t\t\t\t\t<\/h2>\n\t\t\t\t\t\t\t\n\t\t\t\n\t\t\t\t\t<\/div>\n        \t\t\t\t\t<\/div>\n\t\t\t\t\n\t\t\t\n\t\t\t\t\t\t\t\t\t<div class=\"bdt-ep-image-accordion-item\" style=\"background-image: url('https:\/\/nanobond.ir\/wp-content\/uploads\/2022\/10\/7.jpg');\">\n\t\t\t\t\t\t\t\t\t\t\t\t        <div class=\"bdt-ep-image-accordion-content\">\n\t\t\t\n\t\t\t\t\t\t\t\t\t\t\t\t<h2 class=\"bdt-ep-image-accordion-title\">\n\t\t\t\t\t\tAl\u00fcminyum kaplaman\u0131n polimer malzemelerden ayr\u0131lma kuvvetini belirlemek i\u00e7in test edin\t\t\t\t\t<\/h2>\n\t\t\t\t\t\t\t\n\t\t\t\n\t\t\t\t\t<\/div>\n        \t\t\t\t\t<\/div>\n\t\t\t\t\n\t\t\t\n\t\t\t\t\t\t\t\t\t<div class=\"bdt-ep-image-accordion-item\" style=\"background-image: url('https:\/\/nanobond.ir\/wp-content\/uploads\/2022\/10\/8.jpg');\">\n\t\t\t\t\t\t\t\t\t\t\t\t        <div class=\"bdt-ep-image-accordion-content\">\n\t\t\t\n\t\t\t\t\t\t\t\t\t\t\t\t<h2 class=\"bdt-ep-image-accordion-title\">\n\t\t\t\t\t\tAl\u00fcminyum kaplaman\u0131n polimer malzemelerden ayr\u0131lma kuvvetini belirlemek i\u00e7in test edin\t\t\t\t\t<\/h2>\n\t\t\t\t\t\t\t\n\t\t\t\n\t\t\t\t\t<\/div>\n        \t\t\t\t\t<\/div>\n\t\t\t\t\n\t\t\t\t\t<\/div>\n\t\t\t\t<\/div>\n\t\t\t\t<\/div>\n\t\t\t\t\t<\/div>\n\t\t<\/div>\n\t\t\t\t\t\t\t<\/div>\n\t\t<\/section>\n\t\t\t\t\t\t\t<\/div>\n\t\t","protected":false},"excerpt":{"rendered":"<p>Razi Lab Nanobond levhas\u0131n\u0131n onay\u0131 Her onay\u0131n tam g\u00f6r\u00fcnt\u00fcs\u00fcn\u00fc g\u00f6rmek i\u00e7in \u00fczerine t\u0131klay\u0131n. ASTM E 1252-13 standard\u0131na g\u00f6re tablet ve IR spektrumunun haz\u0131rlanmas\u0131 Ortam s\u0131cakl\u0131\u011f\u0131nda \u00e7ekme testi Ortam s\u0131cakl\u0131\u011f\u0131nda \u00e7ekme testi Kaplama yap\u0131\u015fma testi (Tape Test) Al\u00fcminyum kaplaman\u0131n polimer malzemelerden ayr\u0131lma kuvvetini belirlemek i\u00e7in test edin Al\u00fcminyum kaplaman\u0131n polimer malzemelerden ayr\u0131lma kuvvetini belirlemek i\u00e7in test [&hellip;]<\/p>\n","protected":false},"author":1,"featured_media":0,"parent":0,"menu_order":0,"comment_status":"closed","ping_status":"closed","template":"","meta":{"footnotes":""},"class_list":["post-3174","page","type-page","status-publish","hentry"],"_links":{"self":[{"href":"https:\/\/nanobond.ir\/tr\/wp-json\/wp\/v2\/pages\/3174","targetHints":{"allow":["GET"]}}],"collection":[{"href":"https:\/\/nanobond.ir\/tr\/wp-json\/wp\/v2\/pages"}],"about":[{"href":"https:\/\/nanobond.ir\/tr\/wp-json\/wp\/v2\/types\/page"}],"author":[{"embeddable":true,"href":"https:\/\/nanobond.ir\/tr\/wp-json\/wp\/v2\/users\/1"}],"replies":[{"embeddable":true,"href":"https:\/\/nanobond.ir\/tr\/wp-json\/wp\/v2\/comments?post=3174"}],"version-history":[{"count":5,"href":"https:\/\/nanobond.ir\/tr\/wp-json\/wp\/v2\/pages\/3174\/revisions"}],"predecessor-version":[{"id":3874,"href":"https:\/\/nanobond.ir\/tr\/wp-json\/wp\/v2\/pages\/3174\/revisions\/3874"}],"wp:attachment":[{"href":"https:\/\/nanobond.ir\/tr\/wp-json\/wp\/v2\/media?parent=3174"}],"curies":[{"name":"wp","href":"https:\/\/api.w.org\/{rel}","templated":true}]}}